{"id":9883,"date":"2017-07-26T17:10:11","date_gmt":"2017-07-26T22:10:11","guid":{"rendered":"https:\/\/www.daspetravel.com\/tours-peru\/"},"modified":"2019-03-04T19:03:37","modified_gmt":"2019-03-05T00:03:37","slug":"circuits-peru","status":"publish","type":"page","link":"https:\/\/daspetravel.com\/fr\/circuits-peru\/","title":{"rendered":"Circuits"},"content":{"rendered":"<style type=\"text\/css\"> \n#cmsmasters_row_69dc88d15217c4_90462701 .cmsmasters_row_outer_parent { \n\tpadding-top: 0px; \n} \n\n#cmsmasters_row_69dc88d15217c4_90462701 .cmsmasters_row_outer_parent { \n\tpadding-bottom: 50px; \n} \n\n \n#cmsmasters_heading_69dc88d1524375_55357245 { \n\ttext-align:center; \n\tmargin-top:80px; \n\tmargin-bottom:20px; \n} \n\n#cmsmasters_heading_69dc88d1524375_55357245 .cmsmasters_heading { \n\ttext-align:center; \n} \n\n#cmsmasters_heading_69dc88d1524375_55357245 .cmsmasters_heading, #cmsmasters_heading_69dc88d1524375_55357245 .cmsmasters_heading a { \n\tfont-size:42px; \n\tline-height:46px; \n\tfont-weight:300; \n\tfont-style:normal; \n} \n\n#cmsmasters_heading_69dc88d1524375_55357245 .cmsmasters_heading_divider { \n} \n\n \n#cmsmasters_row_69dc88d1524bd8_46963588 .cmsmasters_row_outer_parent { \n\tpadding-top: 0px; \n} \n\n#cmsmasters_row_69dc88d1524bd8_46963588 .cmsmasters_row_outer_parent { \n\tpadding-bottom: 50px; \n} \n\n<\/style><div id=\"cmsmasters_row_69dc88d151f447_20532978\" class=\"cmsmasters_row cmsmasters_color_scheme_default cmsmasters_row_top_default cmsmasters_row_bot_default cmsmasters_row_boxed\">\n<div class=\"cmsmasters_row_outer_parent\">\n<div class=\"cmsmasters_row_outer\">\n<div class=\"cmsmasters_row_inner\">\n<div class=\"cmsmasters_row_margin\">\n<div class=\"cmsmasters_column one_first\">\n<div class=\"cmsmasters_text\">\n<p>&nbsp;<\/p>\n<\/div>\n<\/div>\n<\/div>\n<\/div>\n<\/div>\n<\/div>\n<\/div>\n<div id=\"cmsmasters_row_69dc88d15217c4_90462701\" class=\"cmsmasters_row cmsmasters_color_scheme_default cmsmasters_row_top_default cmsmasters_row_bot_default cmsmasters_row_boxed\">\n<div class=\"cmsmasters_row_outer_parent\">\n<div class=\"cmsmasters_row_outer\">\n<div class=\"cmsmasters_row_inner\">\n<div class=\"cmsmasters_row_margin\">\n<div class=\"cmsmasters_column one_first\">\n\n<div id=\"cmsmasters_heading_69dc88d1524375_55357245\" class=\"cmsmasters_heading_wrap cmsmasters_heading_align_center\">\n\t<h2 class=\"cmsmasters_heading\">Boutique de circuits<\/h2>\n<\/div><div class=\"cmsmasters_text\">\n<p style=\"text-align: center;\">Que vous faisiez de la randonn\u00e9e dans la for\u00eat ou observiez les baleines, les conseils que vous fournirons votre guide personnel enrichiera votre exp\u00e9rience, tout en vous facilant la planification. Nos circuits se font en petits groupes et sont con\u00e7us autour de ce que vous, le client, voulez voir et exp\u00e9rimenter durant votre s\u00e9jour.<\/p>\n<\/div>\n<\/div>\n<\/div>\n<\/div>\n<\/div>\n<\/div>\n<\/div>\n<div id=\"cmsmasters_row_69dc88d1524bd8_46963588\" class=\"cmsmasters_row cmsmasters_color_scheme_default cmsmasters_row_top_default cmsmasters_row_bot_default cmsmasters_row_boxed\">\n<div class=\"cmsmasters_row_outer_parent\">\n<div class=\"cmsmasters_row_outer\">\n<div class=\"cmsmasters_row_inner\">\n<div class=\"cmsmasters_row_margin\">\n<div class=\"cmsmasters_column one_first\">\n<div class=\"cmsmasters_wrap_portfolio entry-summary\" id=\"portfolio_69dc88d1526552_05196967\">\r\n<script type=\"text\/javascript\">\r\njQuery(document).ready(function () {\r\n\t(function ($) {\r\n\t\tif ($('#portfolio_69dc88d1526552_05196967').find('article').length == '0') {\r\n\t\t\treturn false;\r\n\t\t}\r\n\t\t\r\n\t\r\n\t\tstartPortfolio( \r\n\t\t\t'69dc88d1526552_05196967', \r\n\t\t\t'grid', \r\n\t\t\t'perfect', \r\n\t\t\t'https:\/\/daspetravel.com\/wp-content\/plugins\/cmsmasters-content-composer\/', \r\n\t\t\t'date', \r\n\t\t\t'DESC', \r\n\t\t\t'9', \r\n\t\t\t'', \r\n\t\t\t'title,excerpt,duration,price,rating' \r\n\t\t);\r\n\t} )(jQuery);\r\n} );\r\n<\/script>\r\n<div class=\"portfolio grid large_gap perfect cmsmasters_3\">\r\n<!-- Start Standard Tour -->\r\n\r\n<article id=\"post-12505\" class=\"cmsmasters_project_grid post-12505 project type-project status-publish format-standard has-post-thumbnail hentry pj-categs-activites pj-categs-cusco-fr pj-categs-forfaits-de-circuit pj-categs-madre-de-dios-fr pj-categs-nature-faune pj-categs-populaire pj-categs-randonnee pj-categs-tourisme pj-tags-manu-jungle-tour-fr pj-tags-manu-national-park-fr pj-tags-personalized-tours-to-jungle-in-peru-fr\" data-category=\"activites cusco-fr forfaits-de-circuit madre-de-dios-fr nature-faune populaire randonnee tourisme\">\r\n\t<div class=\"project_outer\">\r\n\t\t<div class=\"project_outer_image_wrap\">\r\n\t\r\n\t\t<div class=\"project_outer_image_wrap_meta entry-meta\"><span class=\"cmsmasters_portfolio_project_price\">$570<\/span><div class=\"project_outer_image_wrap_meta_bottom entry-meta\"><header class=\"cmsmasters_project_header entry-header\"><h2 class=\"cmsmasters_project_title entry-title\"><a href=\"https:\/\/daspetravel.com\/fr\/circuits\/expedition-culturelle-festival-de-paucartambo-et-la-haute-jungle-de-manu-du-16-au-21-juillet\/\">Cultural Expedition Peru<\/a><\/h2><\/header><\/div><\/div><figure class=\"cmsmasters_img_rollover_wrap preloader\"><img loading=\"lazy\" decoding=\"async\" width=\"580\" height=\"378\" src=\"https:\/\/daspetravel.com\/wp-content\/uploads\/2018\/07\/20180716_083351-580x378.jpg\" class=\"full-width wp-post-image\" alt=\"Cultural Expedition Peru\" title=\"Cultural Expedition Peru\" \/><\/figure><\/div><div class=\"project_inner\"><div class=\"cmsmasters_project_content entry-content\">\n<p>Exp\u00e9rimentez le Parc National de Manu dans la haute for\u00eat des montagnes, ainsi que la fameuse for\u00eat humide. Passez vos 4 jours \u00e0 vous immerger dans la vie et la culture de la jungle!<\/p>\n<\/div>\n<footer class=\"cmsmasters_project_footer entry-meta\"><span class=\"cmsmasters_portfolio_project_duration\">4 Jours<\/span><\/footer><\/div><span class=\"dn meta-date\">20180815101303<\/span>\t<\/div>\r\n<\/article>\r\n<!-- Finish Standard Tour -->\r\n\r\n\r\n<!-- Start Standard Tour -->\r\n\r\n<article id=\"post-12014\" class=\"cmsmasters_project_grid post-12014 project type-project status-publish format-standard has-post-thumbnail hentry pj-categs-activites pj-categs-forfaits-de-circuit pj-categs-madre-de-dios-fr pj-categs-nature-faune pj-categs-populaire pj-categs-rafting-kayaking-fr pj-categs-randonnee pj-categs-tourisme pj-tags-personalized-tours-in-peru-fr pj-tags-puerto-maldonado-in-peru-fr pj-tags-sandoval-lake-peru-fr\" data-category=\"activites forfaits-de-circuit madre-de-dios-fr nature-faune populaire rafting-kayaking-fr randonnee tourisme\">\r\n\t<div class=\"project_outer\">\r\n\t\t<div class=\"project_outer_image_wrap\">\r\n\t\r\n\t\t<div class=\"project_outer_image_wrap_meta entry-meta\"><span class=\"cmsmasters_portfolio_project_price\">$300<\/span><div class=\"project_outer_image_wrap_meta_bottom entry-meta\"><header class=\"cmsmasters_project_header entry-header\"><h2 class=\"cmsmasters_project_title entry-title\"><a href=\"https:\/\/daspetravel.com\/fr\/circuits\/pack-aventure-palcoyo-montagnes-arc-en-ciel-pont-qeswachaka-waqrapukara\/\" target=\"_blank\">Palcoyo montagnes arc-en-ciel, pont Qeswachaka &amp; Waqrapukara<\/a><\/h2><\/header><\/div><\/div><figure class=\"cmsmasters_img_rollover_wrap preloader\"><img loading=\"lazy\" decoding=\"async\" width=\"580\" height=\"378\" src=\"https:\/\/daspetravel.com\/wp-content\/uploads\/2017\/09\/Peruvian-Rainbow-Mountains-580x378.jpg\" class=\"full-width wp-post-image\" alt=\"Palcoyo montagnes arc-en-ciel, pont Qeswachaka &amp; Waqrapukara\" title=\"Palcoyo montagnes arc-en-ciel, pont Qeswachaka &amp; Waqrapukara\" \/><\/figure><\/div><div class=\"project_inner\"><div class=\"cmsmasters_project_content entry-content\">\n<p>Voyagez vers le Lac Sandoval \u00e0 Puerto Maldonado, o\u00f9 vous habiterez dans un lodge juste \u00e0 c\u00f4t\u00e9 du lac. Voyez et profitez de la nature environnante et soyez \u00e0 l'aff\u00fbt de la magnifique faune \u00e0 pied ou en bateau!<\/p>\n<\/div>\n<footer class=\"cmsmasters_project_footer entry-meta\"><span class=\"cmsmasters_portfolio_project_duration\">3 Jours<\/span><\/footer><\/div><span class=\"dn meta-date\">20180815092848<\/span>\t<\/div>\r\n<\/article>\r\n<!-- Finish Standard Tour -->\r\n\r\n\r\n<!-- Start Standard Tour -->\r\n\r\n<article id=\"post-10241\" class=\"cmsmasters_project_grid post-10241 project type-project status-publish format-standard has-post-thumbnail hentry pj-categs-forfaits-de-circuit pj-categs-actif pj-categs-activites pj-categs-cusco-fr pj-categs-randonnee pj-tags-hiking-fr pj-tags-inca-empire-fr pj-tags-trekking-fr\" data-category=\"forfaits-de-circuit actif activites cusco-fr randonnee\">\r\n\t<div class=\"project_outer\">\r\n\t\t<div class=\"project_outer_image_wrap\">\r\n\t\r\n\t\t<div class=\"project_outer_image_wrap_meta entry-meta\"><div class=\"project_outer_image_wrap_meta_bottom entry-meta\"><header class=\"cmsmasters_project_header entry-header\"><h2 class=\"cmsmasters_project_title entry-title\"><a href=\"https:\/\/daspetravel.com\/fr\/circuits\/randonnee-choquequirao\/\">Randonn\u00e9e aux ruines de Choquequirao<\/a><\/h2><\/header><\/div><\/div><figure class=\"cmsmasters_img_rollover_wrap preloader\"><img loading=\"lazy\" decoding=\"async\" width=\"580\" height=\"378\" src=\"https:\/\/daspetravel.com\/wp-content\/uploads\/2014\/11\/choqueblock-580x378.jpg\" class=\"full-width wp-post-image\" alt=\"Randonn\u00e9e aux ruines de Choquequirao\" title=\"Randonn\u00e9e aux ruines de Choquequirao\" \/><\/figure><\/div><div class=\"project_inner\"><div class=\"cmsmasters_project_content entry-content\">\n<p>Si vous cherchez une aventure au travers de paysages uniques et diff\u00e9rents, flore et faune exotiques et sans les centaines de touristes autour de vous, ne cherchez pas plus loin, la randonn\u00e9e de 4 jours vers Choquequirao est pour vous!<\/p>\n<\/div>\n<footer class=\"cmsmasters_project_footer entry-meta\"><span class=\"cmsmasters_portfolio_project_duration\">4 Jours<\/span><\/footer><\/div><span class=\"dn meta-date\">20171121092637<\/span>\t<\/div>\r\n<\/article>\r\n<!-- Finish Standard Tour -->\r\n\r\n\r\n<!-- Start Standard Tour -->\r\n\r\n<article id=\"post-10032\" class=\"cmsmasters_project_grid post-10032 project type-project status-publish format-standard has-post-thumbnail hentry pj-categs-activites pj-categs-forfaits-de-circuit pj-categs-madre-de-dios-fr pj-categs-nature-faune pj-categs-populaire pj-categs-rafting-kayaking-fr pj-categs-randonnee pj-categs-tourisme pj-tags-personalized-tours-in-peru-fr pj-tags-puerto-maldonado-in-peru-fr pj-tags-sandoval-lake-peru-fr\" data-category=\"activites forfaits-de-circuit madre-de-dios-fr nature-faune populaire rafting-kayaking-fr randonnee tourisme\">\r\n\t<div class=\"project_outer\">\r\n\t\t<div class=\"project_outer_image_wrap\">\r\n\t\r\n\t\t<div class=\"project_outer_image_wrap_meta entry-meta\"><span class=\"cmsmasters_portfolio_project_price\">$300<\/span><div class=\"project_outer_image_wrap_meta_bottom entry-meta\"><header class=\"cmsmasters_project_header entry-header\"><h2 class=\"cmsmasters_project_title entry-title\"><a href=\"https:\/\/daspetravel.com\/fr\/circuits\/lac-sandoval-a-puerto-maldonado\/\" target=\"_blank\">Sandoval Lake in Puerto Maldonado<\/a><\/h2><\/header><\/div><\/div><figure class=\"cmsmasters_img_rollover_wrap preloader\"><img loading=\"lazy\" decoding=\"async\" width=\"580\" height=\"378\" src=\"https:\/\/daspetravel.com\/wp-content\/uploads\/2017\/10\/Puerto-Maldonado-Sandoval-Lake-tour-580x378.jpg\" class=\"full-width wp-post-image\" alt=\"Sandoval Lake in Puerto Maldonado\" title=\"Sandoval Lake in Puerto Maldonado\" \/><\/figure><\/div><div class=\"project_inner\"><div class=\"cmsmasters_project_content entry-content\">\n<p>Voyagez vers le Lac Sandoval \u00e0 Puerto Maldonado, o\u00f9 vous habiterez dans un lodge juste \u00e0 c\u00f4t\u00e9 du lac. Voyez et profitez de la nature environnante et soyez \u00e0 l'aff\u00fbt de la magnifique faune \u00e0 pied ou en bateau!<\/p>\n<\/div>\n<footer class=\"cmsmasters_project_footer entry-meta\"><span class=\"cmsmasters_portfolio_project_duration\">3 Jours<\/span><\/footer><\/div><span class=\"dn meta-date\">20171016142137<\/span>\t<\/div>\r\n<\/article>\r\n<!-- Finish Standard Tour -->\r\n\r\n\r\n<!-- Start Standard Tour -->\r\n\r\n<article id=\"post-9969\" class=\"cmsmasters_project_grid post-9969 project type-project status-publish format-standard has-post-thumbnail hentry pj-categs-activites pj-categs-cusco-fr pj-categs-forfaits-de-circuit pj-categs-madre-de-dios-fr pj-categs-nature-faune pj-categs-populaire pj-categs-randonnee pj-categs-tourisme pj-tags-manu-jungle-tour-fr pj-tags-manu-national-park-fr pj-tags-personalized-tours-to-jungle-in-peru-fr\" data-category=\"activites cusco-fr forfaits-de-circuit madre-de-dios-fr nature-faune populaire randonnee tourisme\">\r\n\t<div class=\"project_outer\">\r\n\t\t<div class=\"project_outer_image_wrap\">\r\n\t\r\n\t\t<div class=\"project_outer_image_wrap_meta entry-meta\"><span class=\"cmsmasters_portfolio_project_price\">$570<\/span><div class=\"project_outer_image_wrap_meta_bottom entry-meta\"><header class=\"cmsmasters_project_header entry-header\"><h2 class=\"cmsmasters_project_title entry-title\"><a href=\"https:\/\/daspetravel.com\/fr\/circuits\/expedition-zone-culturelle-manu\/\" target=\"_blank\">Exp\u00e9dition dans la zone culturelle de Manu<\/a><\/h2><\/header><\/div><\/div><figure class=\"cmsmasters_img_rollover_wrap preloader\"><img loading=\"lazy\" decoding=\"async\" width=\"580\" height=\"378\" src=\"https:\/\/daspetravel.com\/wp-content\/uploads\/2017\/10\/Manu-National-Park-Cultural-Zone-Expedition-580x378.jpg\" class=\"full-width wp-post-image\" alt=\"Exp\u00e9dition dans la zone culturelle de Manu\" title=\"Exp\u00e9dition dans la zone culturelle de Manu\" \/><\/figure><\/div><div class=\"project_inner\"><div class=\"cmsmasters_project_content entry-content\">\n<p>Exp\u00e9rimentez le Parc National de Manu dans la haute for\u00eat des montagnes, ainsi que la fameuse for\u00eat humide. Passez vo 4 jours \u00e0 vous immercer dans la vie et la culture de la jungle!<\/p>\n<\/div>\n<footer class=\"cmsmasters_project_footer entry-meta\"><span class=\"cmsmasters_portfolio_project_duration\">4 Jours<\/span><\/footer><\/div><span class=\"dn meta-date\">20171016121630<\/span>\t<\/div>\r\n<\/article>\r\n<!-- Finish Standard Tour -->\r\n\r\n\r\n<!-- Start Standard Tour -->\r\n\r\n<article id=\"post-9956\" class=\"cmsmasters_project_grid post-9956 project type-project status-publish format-standard has-post-thumbnail hentry pj-categs-activites pj-categs-cusco-fr pj-categs-forfaits-de-circuit pj-categs-populaire pj-categs-rafting-kayaking-fr pj-categs-randonnee pj-categs-tourisme pj-tags-cusco-tour-fr pj-tags-machu-picchu-personalized-tour-fr pj-tags-peru-personalized-tours-fr pj-tags-tailor-made-tours-in-peru-fr\" data-category=\"activites cusco-fr forfaits-de-circuit populaire rafting-kayaking-fr randonnee tourisme\">\r\n\t<div class=\"project_outer\">\r\n\t\t<div class=\"project_outer_image_wrap\">\r\n\t\r\n\t\t<div class=\"project_outer_image_wrap_meta entry-meta\"><span class=\"cmsmasters_portfolio_project_price\">$650<\/span><div class=\"project_outer_image_wrap_meta_bottom entry-meta\"><header class=\"cmsmasters_project_header entry-header\"><h2 class=\"cmsmasters_project_title entry-title\"><a href=\"https:\/\/daspetravel.com\/fr\/circuits\/circuit-jungle-du-cafe-vers-le-machu-picchu\/\" target=\"_blank\">Circuit Jungle du caf\u00e9 vers le Machu Picchu<\/a><\/h2><\/header><\/div><\/div><figure class=\"cmsmasters_img_rollover_wrap preloader\"><img loading=\"lazy\" decoding=\"async\" width=\"580\" height=\"378\" src=\"https:\/\/daspetravel.com\/wp-content\/uploads\/2017\/10\/Coffee-in-Peru-580x378.jpg\" class=\"full-width wp-post-image\" alt=\"Circuit Jungle du caf\u00e9 vers le Machu Picchu\" title=\"Circuit Jungle du caf\u00e9 vers le Machu Picchu\" \/><\/figure><\/div><div class=\"project_inner\"><div class=\"cmsmasters_project_content entry-content\">\n<p>From Cusco to Machu Picchu, through the most spectacular spots in the region, including a coffee plantation, explore the Andes and the high jungle in just 4 days. The variety of attractions during our Coffee Jungle Tour will surprise you.<\/p>\n<\/div>\n<footer class=\"cmsmasters_project_footer entry-meta\"><span class=\"cmsmasters_portfolio_project_duration\">4 Jours<\/span><\/footer><\/div><span class=\"dn meta-date\">20171003131858<\/span>\t<\/div>\r\n<\/article>\r\n<!-- Finish Standard Tour -->\r\n\r\n\r\n<!-- Start Standard Tour -->\r\n\r\n<article id=\"post-9988\" class=\"cmsmasters_project_grid post-9988 project type-project status-publish format-standard has-post-thumbnail hentry pj-categs-activites pj-categs-arequipa-fr pj-categs-cusco-fr pj-categs-forfaits-de-circuit pj-categs-lima-fr pj-categs-populaire pj-categs-randonnee pj-categs-tourisme pj-tags-cusco-tour-fr pj-tags-machu-picchu-personalized-tour-fr pj-tags-peru-personalized-tours-fr pj-tags-tailor-made-tours-in-peru-fr\" data-category=\"activites arequipa-fr cusco-fr forfaits-de-circuit lima-fr populaire randonnee tourisme\">\r\n\t<div class=\"project_outer\">\r\n\t\t<div class=\"project_outer_image_wrap\">\r\n\t\r\n\t\t<div class=\"project_outer_image_wrap_meta entry-meta\"><span class=\"cmsmasters_portfolio_project_price\">$2300<\/span><div class=\"project_outer_image_wrap_meta_bottom entry-meta\"><header class=\"cmsmasters_project_header entry-header\"><h2 class=\"cmsmasters_project_title entry-title\"><a href=\"https:\/\/daspetravel.com\/fr\/circuits\/cusco-titicaca-arequipa-et-lima-express\/\" target=\"_blank\">Cusco, Titicaca, Arequipa et Lima express<\/a><\/h2><\/header><\/div><\/div><figure class=\"cmsmasters_img_rollover_wrap preloader\"><img loading=\"lazy\" decoding=\"async\" width=\"580\" height=\"378\" src=\"https:\/\/daspetravel.com\/wp-content\/uploads\/2017\/09\/Chinchero-Sacred-Valley-tour-580x378.jpg\" class=\"full-width wp-post-image\" alt=\"Cusco, Titicaca, Arequipa et Lima express\" title=\"Cusco, Titicaca, Arequipa et Lima express\" \/><\/figure><\/div><div class=\"project_inner\"><div class=\"cmsmasters_project_content entry-content\">\n<p>Sautez t\u00eate premi\u00e8re dans la culture p\u00e9ruvienne ave ce circuit de 9 jours! Du Cusco colonial, en passant par l'Empire Inca et le Lac Titicaca et Arequipa, de retour vers l'excitante Lima - ce circuit vous donne un avant-go\u00fbt du P\u00e9rou. <\/p>\n<\/div>\n<footer class=\"cmsmasters_project_footer entry-meta\"><span class=\"cmsmasters_portfolio_project_duration\">9 Jours<\/span><\/footer><\/div><span class=\"dn meta-date\">20170929122200<\/span>\t<\/div>\r\n<\/article>\r\n<!-- Finish Standard Tour -->\r\n\r\n\r\n<!-- Start Standard Tour -->\r\n\r\n<article id=\"post-9891\" class=\"cmsmasters_project_grid post-9891 project type-project status-publish format-standard has-post-thumbnail hentry pj-categs-activites pj-categs-cusco-fr pj-categs-forfaits-de-circuit pj-categs-populaire pj-categs-tourisme pj-tags-cusco-tour-fr pj-tags-machu-picchu-personalized-tour-fr pj-tags-peru-personalized-tours-fr pj-tags-tailor-made-tours-in-peru-fr\" data-category=\"activites cusco-fr forfaits-de-circuit populaire tourisme\">\r\n\t<div class=\"project_outer\">\r\n\t\t<div class=\"project_outer_image_wrap\">\r\n\t\r\n\t\t<div class=\"project_outer_image_wrap_meta entry-meta\"><span class=\"cmsmasters_portfolio_project_price\">$350<\/span><div class=\"project_outer_image_wrap_meta_bottom entry-meta\"><header class=\"cmsmasters_project_header entry-header\"><h2 class=\"cmsmasters_project_title entry-title\"><a href=\"https:\/\/daspetravel.com\/fr\/circuits\/chinchero-moray-salineras-ollantaytambo-vers-machu-picchu\/\" target=\"_blank\">Chinchero, Moray, Salineras, Ollantaytambo vers Machu Picchu<\/a><\/h2><\/header><\/div><\/div><figure class=\"cmsmasters_img_rollover_wrap preloader\"><img loading=\"lazy\" decoding=\"async\" width=\"580\" height=\"378\" src=\"https:\/\/daspetravel.com\/wp-content\/uploads\/2017\/02\/Cusco-city-in-Peru-580x378.jpg\" class=\"full-width wp-post-image\" alt=\"Chinchero, Moray, Salineras, Ollantaytambo vers Machu Picchu\" title=\"Chinchero, Moray, Salineras, Ollantaytambo vers Machu Picchu\" \/><\/figure><\/div><div class=\"project_inner\"><div class=\"cmsmasters_project_content entry-content\">\n<p>La r\u00e9gion de Chinchero est remplie de sites arch\u00e9ologiques diversifi\u00e9s, de villages And\u00e9ens, de vues impressionnantes et du Machu Picchu! Vivez le meilleure de la culture et de l'histoir des Andes, de l'Empire Inca au pr\u00e9sent!<\/p>\n<\/div>\n<footer class=\"cmsmasters_project_footer entry-meta\"><span class=\"cmsmasters_portfolio_project_duration\">2 Jours<\/span><\/footer><\/div><span class=\"dn meta-date\">20170927134110<\/span>\t<\/div>\r\n<\/article>\r\n<!-- Finish Standard Tour -->\r\n\r\n\r\n<!-- Start Standard Tour -->\r\n\r\n<article id=\"post-9924\" class=\"cmsmasters_project_grid post-9924 project type-project status-publish format-standard has-post-thumbnail hentry pj-categs-actif pj-categs-cusco-fr pj-categs-forfaits-de-circuit pj-categs-populaire pj-categs-tourisme pj-tags-checacupe-inca-rope-bridge-fr\" data-category=\"actif cusco-fr forfaits-de-circuit populaire tourisme\">\r\n\t<div class=\"project_outer\">\r\n\t\t<div class=\"project_outer_image_wrap\">\r\n\t\r\n\t\t<div class=\"project_outer_image_wrap_meta entry-meta\"><span class=\"cmsmasters_portfolio_project_price\">$180<\/span><div class=\"project_outer_image_wrap_meta_bottom entry-meta\"><header class=\"cmsmasters_project_header entry-header\"><h2 class=\"cmsmasters_project_title entry-title\"><a href=\"https:\/\/daspetravel.com\/fr\/circuits\/circuit-trois-montagnes-colorees-palcoyo-pont-queswachaka\/\">Circuit Trois montagnes color\u00e9es de Palcoyo et Pont Queswachaka<\/a><\/h2><\/header><\/div><\/div><figure class=\"cmsmasters_img_rollover_wrap preloader\"><img loading=\"lazy\" decoding=\"async\" width=\"580\" height=\"331\" src=\"https:\/\/daspetravel.com\/wp-content\/uploads\/2017\/08\/DSC_9299-1-580x331.jpg\" class=\"full-width wp-post-image\" alt=\"Circuit Trois montagnes color\u00e9es de Palcoyo et Pont Queswachaka\" title=\"Circuit Trois montagnes color\u00e9es de Palcoyo et Pont Queswachaka\" \/><\/figure><\/div><div class=\"project_inner\"><div class=\"cmsmasters_project_content entry-content\">\n<p>Aventure vers la fameuse Rainbow Mountains et soyez t\u00e9moin du magnifique \"Jardin de Piedras\" avec un guide local. Ensuite, visiter le pont historique Inca en corde, le Checacupe, du temps de l'Empire Inca. <\/p>\n<\/div>\n<footer class=\"cmsmasters_project_footer entry-meta\"><span class=\"cmsmasters_portfolio_project_duration\">1 Jour<\/span><\/footer><\/div><span class=\"dn meta-date\">20170927102541<\/span>\t<\/div>\r\n<\/article>\r\n<!-- Finish Standard Tour -->\r\n\r\n<\/div><div class=\"cmsmasters_wrap_more_projects cmsmasters_wrap_more_items\"><div class=\"cmsmasters_wrap_project_loader cmsmasters_wrap_items_loader\">\r\n\t\t\t\t\t<a href=\"javascript:void(0)\" class=\"cmsmasters_button cmsmasters_project_loader cmsmasters_items_loader\">\r\n\t\t\t\t\t\t<span>Show more tours<\/span>\r\n\t\t\t\t\t<\/a>\r\n\t\t\t\t<\/div><\/div><\/div>\n<\/div>\n<\/div>\n<\/div>\n<\/div>\n<\/div>\n<\/div>\n\n","protected":false},"excerpt":{"rendered":"","protected":false},"author":1,"featured_media":0,"parent":0,"menu_order":0,"comment_status":"closed","ping_status":"closed","template":"","meta":{"footnotes":""},"class_list":["post-9883","page","type-page","status-publish","hentry"],"_links":{"self":[{"href":"https:\/\/daspetravel.com\/fr\/wp-json\/wp\/v2\/pages\/9883","targetHints":{"allow":["GET"]}}],"collection":[{"href":"https:\/\/daspetravel.com\/fr\/wp-json\/wp\/v2\/pages"}],"about":[{"href":"https:\/\/daspetravel.com\/fr\/wp-json\/wp\/v2\/types\/page"}],"author":[{"embeddable":true,"href":"https:\/\/daspetravel.com\/fr\/wp-json\/wp\/v2\/users\/1"}],"replies":[{"embeddable":true,"href":"https:\/\/daspetravel.com\/fr\/wp-json\/wp\/v2\/comments?post=9883"}],"version-history":[{"count":0,"href":"https:\/\/daspetravel.com\/fr\/wp-json\/wp\/v2\/pages\/9883\/revisions"}],"wp:attachment":[{"href":"https:\/\/daspetravel.com\/fr\/wp-json\/wp\/v2\/media?parent=9883"}],"curies":[{"name":"wp","href":"https:\/\/api.w.org\/{rel}","templated":true}]}}