{"id":9801,"date":"2015-07-22T12:14:19","date_gmt":"2015-07-22T12:14:19","guid":{"rendered":"https:\/\/www.daspetravel.com\/about-us\/"},"modified":"2021-04-19T16:52:16","modified_gmt":"2021-04-19T21:52:16","slug":"a-propos","status":"publish","type":"page","link":"https:\/\/daspetravel.com\/fr\/a-propos\/","title":{"rendered":"\u00c0 propos"},"content":{"rendered":"<style type=\"text\/css\"> \n#cmsmasters_row_69f35c25823c74_67150417 { \n\tbackground-image: url(https:\/\/daspetravel.com\/wp-content\/uploads\/2015\/07\/about-us-daspe-travel-e1537192769275.jpg); \n\tbackground-position: center center; \n\tbackground-repeat: no-repeat; \n\tbackground-attachment: scroll; \n\tbackground-size: cover; \n} \n\n#cmsmasters_row_69f35c25823c74_67150417 .cmsmasters_row_outer_parent { \n\tpadding-top: 230px; \n} \n\n#cmsmasters_row_69f35c25823c74_67150417 .cmsmasters_row_outer_parent { \n\tpadding-bottom: 230px; \n} \n\n \n#cmsmasters_heading_69f35c2582c826_49808217 { \n\ttext-align:center; \n\tmargin-top:0px; \n\tmargin-bottom:0px; \n} \n\n#cmsmasters_heading_69f35c2582c826_49808217 .cmsmasters_heading { \n\ttext-align:center; \n} \n\n#cmsmasters_heading_69f35c2582c826_49808217 .cmsmasters_heading, #cmsmasters_heading_69f35c2582c826_49808217 .cmsmasters_heading a { \n\tfont-size:125px; \n\tline-height:135px; \n\tfont-weight:300; \n\tfont-style:normal; \n\tcolor:#ffffff;\n} \n\n#cmsmasters_heading_69f35c2582c826_49808217 .cmsmasters_heading_divider { \n} \n\n@media (max-width: 767px) {\n\n#cmsmasters_heading_69f35c2582c826_49808217 .cmsmasters_heading, #cmsmasters_heading_69f35c2582c826_49808217 .cmsmasters_heading a { \n\tfont-size:48px; \n} \n\n} \n\n \n#cmsmasters_heading_69f35c2582e7b7_29846167 { \n\ttext-align:center; \n\tmargin-top:0px; \n\tmargin-bottom:20px; \n} \n\n#cmsmasters_heading_69f35c2582e7b7_29846167 .cmsmasters_heading { \n\ttext-align:center; \n} \n\n#cmsmasters_heading_69f35c2582e7b7_29846167 .cmsmasters_heading, #cmsmasters_heading_69f35c2582e7b7_29846167 .cmsmasters_heading a { \n\tfont-size:40px; \n\tfont-weight:300; \n\tfont-style:normal; \n\tcolor:#ffffff;\n} \n\n#cmsmasters_heading_69f35c2582e7b7_29846167 .cmsmasters_heading_divider { \n} \n\n \n#cmsmasters_row_69f35c25830a05_43778985 { \n\tbackground-color:#ffffff;\n} \n\n#cmsmasters_row_69f35c25830a05_43778985 .cmsmasters_row_outer_parent { \n\tpadding-top: 70px; \n} \n\n#cmsmasters_row_69f35c25830a05_43778985 .cmsmasters_row_outer_parent { \n\tpadding-bottom: 10px; \n} \n\n \n#cmsmasters_heading_69f35c258340e5_01404867 { \n\ttext-align:center; \n\tmargin-top:0px; \n\tmargin-bottom:50px; \n} \n\n#cmsmasters_heading_69f35c258340e5_01404867 .cmsmasters_heading { \n\ttext-align:center; \n} \n\n#cmsmasters_heading_69f35c258340e5_01404867 .cmsmasters_heading, #cmsmasters_heading_69f35c258340e5_01404867 .cmsmasters_heading a { \n\tfont-size:42px; \n\tline-height:50px; \n\tfont-weight:300; \n\tfont-style:normal; \n} \n\n#cmsmasters_heading_69f35c258340e5_01404867 .cmsmasters_heading_divider { \n} \n\n \n#cmsmasters_row_69f35c25834cd0_53562370 { \n\tbackground-color:#ffffff;\n} \n\n#cmsmasters_row_69f35c25834cd0_53562370 .cmsmasters_row_outer_parent { \n\tpadding-top: 70px; \n} \n\n#cmsmasters_row_69f35c25834cd0_53562370 .cmsmasters_row_outer_parent { \n\tpadding-bottom: 10px; \n} \n\n \n#cmsmasters_heading_69f35c258376a2_61417846 { \n\ttext-align:center; \n\tmargin-top:0px; \n\tmargin-bottom:50px; \n} \n\n#cmsmasters_heading_69f35c258376a2_61417846 .cmsmasters_heading { \n\ttext-align:center; \n} \n\n#cmsmasters_heading_69f35c258376a2_61417846 .cmsmasters_heading, #cmsmasters_heading_69f35c258376a2_61417846 .cmsmasters_heading a { \n\tfont-size:42px; \n\tline-height:50px; \n\tfont-weight:300; \n\tfont-style:normal; \n} \n\n#cmsmasters_heading_69f35c258376a2_61417846 .cmsmasters_heading_divider { \n} \n\n \n#cmsmasters_row_69f35c25837f27_00855617 { \n\tbackground-color:#ffffff;\n} \n\n#cmsmasters_row_69f35c25837f27_00855617 .cmsmasters_row_outer_parent { \n\tpadding-top: 70px; \n} \n\n#cmsmasters_row_69f35c25837f27_00855617 .cmsmasters_row_outer_parent { \n\tpadding-bottom: 10px; \n} \n\n \n#cmsmasters_heading_69f35c25839fa9_33746570 { \n\ttext-align:center; \n\tmargin-top:0px; \n\tmargin-bottom:50px; \n} \n\n#cmsmasters_heading_69f35c25839fa9_33746570 .cmsmasters_heading { \n\ttext-align:center; \n} \n\n#cmsmasters_heading_69f35c25839fa9_33746570 .cmsmasters_heading, #cmsmasters_heading_69f35c25839fa9_33746570 .cmsmasters_heading a { \n\tfont-size:42px; \n\tline-height:50px; \n\tfont-weight:300; \n\tfont-style:normal; \n} \n\n#cmsmasters_heading_69f35c25839fa9_33746570 .cmsmasters_heading_divider { \n} \n\n \n#cmsmasters_row_69f35c2583ae78_53473443 { \n\tbackground-color:#ffffff;\n} \n\n#cmsmasters_row_69f35c2583ae78_53473443 .cmsmasters_row_outer_parent { \n\tpadding-top: 70px; \n} \n\n#cmsmasters_row_69f35c2583ae78_53473443 .cmsmasters_row_outer_parent { \n\tpadding-bottom: 10px; \n} \n\n \n#cmsmasters_heading_69f35c2583e589_29575303 { \n\ttext-align:center; \n\tmargin-top:0px; \n\tmargin-bottom:50px; \n} \n\n#cmsmasters_heading_69f35c2583e589_29575303 .cmsmasters_heading { \n\ttext-align:center; \n} \n\n#cmsmasters_heading_69f35c2583e589_29575303 .cmsmasters_heading, #cmsmasters_heading_69f35c2583e589_29575303 .cmsmasters_heading a { \n\tfont-size:42px; \n\tline-height:50px; \n\tfont-weight:300; \n\tfont-style:normal; \n} \n\n#cmsmasters_heading_69f35c2583e589_29575303 .cmsmasters_heading_divider { \n} \n\n \n#cmsmasters_row_69f35c2583f2e4_38708103 { \n\tbackground-color:#ffffff;\n} \n\n#cmsmasters_row_69f35c2583f2e4_38708103 .cmsmasters_row_outer_parent { \n\tpadding-top: 70px; \n} \n\n#cmsmasters_row_69f35c2583f2e4_38708103 .cmsmasters_row_outer_parent { \n\tpadding-bottom: 10px; \n} \n\n \n#cmsmasters_heading_69f35c25841212_03090200 { \n\ttext-align:center; \n\tmargin-top:0px; \n\tmargin-bottom:50px; \n} \n\n#cmsmasters_heading_69f35c25841212_03090200 .cmsmasters_heading { \n\ttext-align:center; \n} \n\n#cmsmasters_heading_69f35c25841212_03090200 .cmsmasters_heading, #cmsmasters_heading_69f35c25841212_03090200 .cmsmasters_heading a { \n\tfont-size:42px; \n\tline-height:50px; \n\tfont-weight:300; \n\tfont-style:normal; \n} \n\n#cmsmasters_heading_69f35c25841212_03090200 .cmsmasters_heading_divider { \n} \n\n<\/style><div id=\"cmsmasters_row_69f35c25823c74_67150417\" class=\"cmsmasters_row cmsmasters_color_scheme_default cmsmasters_row_top_default cmsmasters_row_bot_default cmsmasters_row_boxed\">\n<div class=\"cmsmasters_row_outer_parent\">\n<div class=\"cmsmasters_row_outer\">\n<div class=\"cmsmasters_row_inner\">\n<div class=\"cmsmasters_row_margin\">\n<div class=\"cmsmasters_column one_first\">\n\n<div id=\"cmsmasters_heading_69f35c2582c826_49808217\" class=\"cmsmasters_heading_wrap cmsmasters_heading_align_center\">\n\t<h1 class=\"cmsmasters_heading\">DASPE TRAVEL<\/h1>\n<\/div>\n<div id=\"cmsmasters_heading_69f35c2582e7b7_29846167\" class=\"cmsmasters_heading_wrap cmsmasters_heading_align_center\">\n\t<h1 class=\"cmsmasters_heading\">Des voyages con\u00e7us sur mesure pour vous<\/h1>\n<\/div>\n<\/div>\n<\/div>\n<\/div>\n<\/div>\n<\/div>\n<\/div>\n<div id=\"cmsmasters_row_69f35c25830a05_43778985\" class=\"cmsmasters_row cmsmasters_color_scheme_default cmsmasters_row_top_default cmsmasters_row_bot_default cmsmasters_row_boxed\">\n<div class=\"cmsmasters_row_outer_parent\">\n<div class=\"cmsmasters_row_outer\">\n<div class=\"cmsmasters_row_inner\">\n<div class=\"cmsmasters_row_margin\">\n<div class=\"cmsmasters_column one_first\">\n\n<div id=\"cmsmasters_heading_69f35c258340e5_01404867\" class=\"cmsmasters_heading_wrap cmsmasters_heading_align_center\">\n\t<h2 class=\"cmsmasters_heading\">Mission<\/h2>\n<\/div><div class=\"cmsmasters_text\">\n<blockquote>\n<p style=\"text-align: center;\">Fournir des services de soutien touristique personnalis\u00e9s et de grande qualit\u00e9 \u00e0 ceux qui veulent vivre une exp\u00e9rience de voyage authentique au P\u00e9rou &#8211; de la c\u00f4te ensoleill\u00e9e et sablonneuse du Pacifique aux sommets enneig\u00e9s des Andes en passant par la jungle profonde, qui combine nature et sites historiques.<\/p>\n<\/blockquote>\n<\/div>\n<\/div>\n<\/div>\n<\/div>\n<\/div>\n<\/div>\n<\/div>\n<div id=\"cmsmasters_row_69f35c25834cd0_53562370\" class=\"cmsmasters_row cmsmasters_color_scheme_default cmsmasters_row_top_default cmsmasters_row_bot_default cmsmasters_row_boxed\">\n<div class=\"cmsmasters_row_outer_parent\">\n<div class=\"cmsmasters_row_outer\">\n<div class=\"cmsmasters_row_inner\">\n<div class=\"cmsmasters_row_margin\">\n<div class=\"cmsmasters_column one_first\">\n\n<div id=\"cmsmasters_heading_69f35c258376a2_61417846\" class=\"cmsmasters_heading_wrap cmsmasters_heading_align_center\">\n\t<h2 class=\"cmsmasters_heading\">Vision<\/h2>\n<\/div><div class=\"cmsmasters_text\">\n<blockquote>\n<p style=\"text-align: center;\">Nous offrons \u00e0 nos clients des exp\u00e9riences qui traverseront les ann\u00e9es. Un sourire entendu durant vos nuits les plus sombres et un rire franc exprim\u00e9 alors que vous partagez vos histoires de voyage avec vos amis et votre famille&#8230; Des\u00a0<span lang=\"fr\">souvenirs de rencontres, de nature, de la culture p\u00e9ruvienne que vous garderez longtemps apr\u00e8s votre d\u00e9part de ce territoire inca riche en histoire.<\/span><\/p>\n<\/blockquote>\n<\/div>\n<\/div>\n<\/div>\n<\/div>\n<\/div>\n<\/div>\n<\/div>\n<div id=\"cmsmasters_row_69f35c25837f27_00855617\" class=\"cmsmasters_row cmsmasters_color_scheme_default cmsmasters_row_top_default cmsmasters_row_bot_default cmsmasters_row_boxed\">\n<div class=\"cmsmasters_row_outer_parent\">\n<div class=\"cmsmasters_row_outer\">\n<div class=\"cmsmasters_row_inner\">\n<div class=\"cmsmasters_row_margin\">\n<div class=\"cmsmasters_column one_first\">\n\n<div id=\"cmsmasters_heading_69f35c25839fa9_33746570\" class=\"cmsmasters_heading_wrap cmsmasters_heading_align_center\">\n\t<h2 class=\"cmsmasters_heading\">\u00c0 propos des fondateurs<\/h2>\n<\/div><div class=\"cmsmasters_text\">\n<blockquote>\n<p style=\"text-align: center;\">David et Sylwia ont cr\u00e9\u00e9 Daspe Travel afin d&rsquo;am\u00e9liorer la qualit\u00e9 du tourisme de luxe au P\u00e9rou, en offrant aux clients une exp\u00e9rience de voyage plus personnalis\u00e9e. En \u00e9tant originaires de Pologne et du P\u00e9rou, il<span lang=\"fr\">s ont eu l&rsquo;occasion de faire l&rsquo;exp\u00e9rience directe de l&rsquo;industrie touristique p\u00e9ruvienne et sud-am\u00e9ricaine et ont compris ce qui fonctionne et ce qui fait d\u00e9faut, tant d&rsquo;un point de vue \u00e9tranger que local.<\/span><\/p>\n<p><a href=\"https:\/\/www.fouporno.com\/youporn\/\" target=\"_blank\" rel=\"noopener\">youporn<\/a><\/p>\n<blockquote>\n<p style=\"text-align: center;\"><strong><em>Voyageurs dans l&rsquo;\u00e2me, professionels du tourisme dans la vie.<\/em><\/strong><\/p>\n<\/blockquote>\n<\/blockquote>\n<\/div>\n<\/div>\n<\/div>\n<\/div>\n<\/div>\n<\/div>\n<\/div>\n<div id=\"cmsmasters_row_69f35c2583ae78_53473443\" class=\"cmsmasters_row cmsmasters_color_scheme_default cmsmasters_row_top_default cmsmasters_row_bot_default cmsmasters_row_boxed\">\n<div class=\"cmsmasters_row_outer_parent\">\n<div class=\"cmsmasters_row_outer\">\n<div class=\"cmsmasters_row_inner\">\n<div class=\"cmsmasters_row_margin\">\n<div class=\"cmsmasters_column one_first\">\n\n<div id=\"cmsmasters_heading_69f35c2583e589_29575303\" class=\"cmsmasters_heading_wrap cmsmasters_heading_align_center\">\n\t<h2 class=\"cmsmasters_heading\">Pourquoi choisir Daspe Travel?<\/h2>\n<\/div><div class=\"cmsmasters_text\">\n<blockquote>\n<p style=\"text-align: left;\">Avec plus de 5 ann\u00e9es d&rsquo;exp\u00e9rience dans l&rsquo;industrie du tourisme, Daspe Travel poss\u00e8de l&rsquo;exp\u00e9rience pour vous aider \u00e0 cr\u00e9er un circuit sur mesure pour vous, en utilisant notre connaissance de tout ce que le P\u00e9rou a \u00e0 offrir. Nous discuterons avec vous afin de passer en revue vos int\u00e9r\u00eats, le temps disponible, vos besoins, la taille de votre groupe et le type d&rsquo;ep\u00e9rience que vous recherchez, afin de cr\u00e9er l&rsquo;itin\u00e9raire parfait lors de votre s\u00e9jour au P\u00e9rou.<\/p>\n<p style=\"text-align: left;\">\u00cates-vous int\u00e9ress\u00e9s \u00e0 conna\u00eetre le mode de vie des familles p\u00e9ruviennes vivant dans la Vall\u00e9e Sacr\u00e9e, au pied du Machu Picchu? Alors un s\u00e9jour chez l&rsquo;habitant inca est fait pour vous. En fonction de vos int\u00e9r\u00eats et de votre app\u00e9tit pour l&rsquo;aventure, nous vous jumellerons avec une famille dans un environnement rural, que vous pourrez appeler votre maison, durant au moins une nuit. Vous partagerez des histoires avec l&rsquo;habitant, apprenant davantage sur la culture locale tout en pr\u00e9parant un rago\u00fbt de l\u00e9gumes pr\u00e9par\u00e9 avec des ingr\u00e9dients que vous aurez aid\u00e9 \u00e0 r\u00e9colter plus t\u00f4t dans la journ\u00e9e \u2013 ma\u00efs, onions, carotes et pommes de terre (dont il existe plus de 3500 vari\u00e9t\u00e9s!).<\/p>\n<p style=\"text-align: left;\">\u00cates-vous int\u00e9ress\u00e9s \u00e0 tester vos limites \u00e0 plus de 3 400 m\u00e8tres (11 154 pieds) d&rsquo;altitude dans la r\u00e9gion de Cusco? Descendre en v\u00e9lo de montagne le long de chemin de terre et faire de la tyrolienne jusqu&rsquo;au Machu Picchu est le r\u00eave de l&rsquo;aventurier. Les sources d&rsquo;eau chaudes sont appr\u00e9ci\u00e9es apr\u00e8s une journ\u00e9e chaude et humide, pendant laquelle vous aurez long\u00e9 le p\u00e9rim\u00e8tre de la for\u00eat tropiale et le terrain montagneux du P\u00e9rou.<\/p>\n<p style=\"text-align: left;\">Il y a tellement de choses \u00e0 faire au P\u00e9rou, particuli\u00e8rement dans la r\u00e9gion de Cusco, r\u00e9gion qui pr\u00e9sente de nombreuses randonn\u00e9es, des sites historiques et plusieurs petits villages. Le nombre et la vari\u00e9t\u00e9 des compagnies qui s&rsquo;offrent \u00e0 vous peuvent \u00eatre d\u00e9rourants et intimidants. Vous ne voulez pas constater, pendant que vous d\u00e9gustez votre dernier pisco sour avant votre vol de retour, que vous avez trop pay\u00e9 et fait le m\u00eame chemin touristique emprunt\u00e9 par tous les autres voyageurs depuis des ann\u00e9es.<\/p>\n<p style=\"text-align: left;\">Consultez une agence de voyage comp\u00e9tente et exp\u00e9riment\u00e9e. Consultez Daspe Travel afin de tirer le meilleur de votre s\u00e9jour et pour vous assurez d&rsquo;avoir une exp\u00e9rience unique et locale, avec une compagnie qui sait faire le maximum pour vous servir.<\/p>\n<p><em>\u00a0<\/em><\/p>\n<p style=\"text-align: center;\"><strong><em>Quel que soit votre objectif en visitant le P\u00e9rou, nous serons heureux de\u00a0 vous aider \u00e0 l&rsquo;atteindre. Chez Daspe Travel, le client est notre priorit\u00e9.<\/em><\/strong><\/p>\n<\/blockquote>\n<\/div>\n<\/div>\n<\/div>\n<\/div>\n<\/div>\n<\/div>\n<\/div>\n<div id=\"cmsmasters_row_69f35c2583f2e4_38708103\" class=\"cmsmasters_row cmsmasters_color_scheme_default cmsmasters_row_top_default cmsmasters_row_bot_default cmsmasters_row_boxed\">\n<div class=\"cmsmasters_row_outer_parent\">\n<div class=\"cmsmasters_row_outer\">\n<div class=\"cmsmasters_row_inner\">\n<div class=\"cmsmasters_row_margin\">\n<div class=\"cmsmasters_column one_first\">\n\n<div id=\"cmsmasters_heading_69f35c25841212_03090200\" class=\"cmsmasters_heading_wrap cmsmasters_heading_align_center\">\n\t<h2 class=\"cmsmasters_heading\">S\u00e9curit\u00e9<\/h2>\n<\/div><div class=\"cmsmasters_text\">\n<blockquote>\n<p>Daspe Travel priorise votre s\u00e9curit\u00e9 durant tous les circuits que nous offrons. Nous garantissons que notre \u00e9quipement est neuf, r\u00e9pond aux standards de s\u00e9curit\u00e9 et est entretenu de fa\u00e7on ad\u00e9quate par notre personnel de confiance qualifi\u00e9. Daspe Travel a un dossier de s\u00e9curit\u00e9 parfait, en offrant une exp\u00e9rience de tourisme de qualit\u00e9 et personnalis\u00e9e; la s\u00e9curit\u00e9 est notre priorit\u00e9 #1.<\/p>\n<p style=\"text-align: center;\"><strong><em>Chez Daspe Travel, n<\/em><span lang=\"fr\">ous croyons en la cr\u00e9ation de souvenirs m\u00e9morables. Apr\u00e8s tout, c&rsquo;est tout ce que vous aurez apr\u00e8s votre d\u00e9part du P\u00e9rou, en plus des nombreux produits en laine d&rsquo;alpaga que vous \u00eates certains d&rsquo;acheter.<\/span><\/strong><\/p>\n<\/blockquote>\n<\/div>\n<\/div>\n<\/div>\n<\/div>\n<\/div>\n<\/div>\n<\/div>\n\n","protected":false},"excerpt":{"rendered":"","protected":false},"author":1,"featured_media":10865,"parent":0,"menu_order":0,"comment_status":"closed","ping_status":"closed","template":"","meta":{"footnotes":""},"class_list":["post-9801","page","type-page","status-publish","has-post-thumbnail","hentry"],"_links":{"self":[{"href":"https:\/\/daspetravel.com\/fr\/wp-json\/wp\/v2\/pages\/9801","targetHints":{"allow":["GET"]}}],"collection":[{"href":"https:\/\/daspetravel.com\/fr\/wp-json\/wp\/v2\/pages"}],"about":[{"href":"https:\/\/daspetravel.com\/fr\/wp-json\/wp\/v2\/types\/page"}],"author":[{"embeddable":true,"href":"https:\/\/daspetravel.com\/fr\/wp-json\/wp\/v2\/users\/1"}],"replies":[{"embeddable":true,"href":"https:\/\/daspetravel.com\/fr\/wp-json\/wp\/v2\/comments?post=9801"}],"version-history":[{"count":0,"href":"https:\/\/daspetravel.com\/fr\/wp-json\/wp\/v2\/pages\/9801\/revisions"}],"wp:featuredmedia":[{"embeddable":true,"href":"https:\/\/daspetravel.com\/fr\/wp-json\/wp\/v2\/media\/10865"}],"wp:attachment":[{"href":"https:\/\/daspetravel.com\/fr\/wp-json\/wp\/v2\/media?parent=9801"}],"curies":[{"name":"wp","href":"https:\/\/api.w.org\/{rel}","templated":true}]}}