{"id":11462,"date":"2015-07-20T12:12:31","date_gmt":"2015-07-20T12:12:31","guid":{"rendered":"https:\/\/www.daspetravel.com\/contact\/"},"modified":"2021-12-19T19:20:07","modified_gmt":"2021-12-20T00:20:07","slug":"kontakt","status":"publish","type":"page","link":"https:\/\/daspetravel.com\/de\/kontakt\/","title":{"rendered":"Kontakt"},"content":{"rendered":"<style type=\"text\/css\"> \n#cmsmasters_row_69da0c83df76d4_95552625 { \n\tbackground-color:#ffffff;\n} \n\n#cmsmasters_row_69da0c83df76d4_95552625 .cmsmasters_row_outer_parent { \n\tpadding-top: 50px; \n} \n\n#cmsmasters_row_69da0c83df76d4_95552625 .cmsmasters_row_outer_parent { \n\tpadding-bottom: 40px; \n} \n\n \n#cmsmasters_icon_list_items_69da0c83df91b4_65495029.cmsmasters_icon_list_items .cmsmasters_icon_list_item:before { \n\tleft:34.5px; \n\ttop:70px; \n} \n#cmsmasters_icon_list_items_69da0c83df91b4_65495029.cmsmasters_icon_list_type_block .cmsmasters_icon_list_item:before { \n\twidth:1px; \n} \n\n#cmsmasters_icon_list_items_69da0c83df91b4_65495029 .cmsmasters_icon_list_icon { \n\twidth:70px; \n\theight:70px; \n\t-webkit-border-radius:5px; \n\tborder-radius:5px; \n} \n\n#cmsmasters_icon_list_items_69da0c83df91b4_65495029 .cmsmasters_icon_list_icon:before { \n\tfont-size:25px; \n\tline-height:70px; \n} \n\n#cmsmasters_icon_list_items_69da0c83df91b4_65495029 .cmsmasters_icon_list_icon:after { \n\tborder-width:0px; \n\twidth:72px; \n\theight:72px; \n\t-webkit-border-radius:5px; \n\tborder-radius:5px; \n} \n\n.cmsmasters_icon_list_items.cmsmasters_color_type_bg #cmsmasters_icon_list_item_69da0c83dfa315_44902077:hover .cmsmasters_icon_list_icon:after { \n\tborder-color:transparent; \n\tborder-width:0; \n} \n \n#cmsmasters_icon_list_items_69da0c83dfb7b7_96905958.cmsmasters_icon_list_items .cmsmasters_icon_list_item:before { \n\tleft:34.5px; \n\ttop:70px; \n} \n#cmsmasters_icon_list_items_69da0c83dfb7b7_96905958.cmsmasters_icon_list_type_block .cmsmasters_icon_list_item:before { \n\twidth:1px; \n} \n\n#cmsmasters_icon_list_items_69da0c83dfb7b7_96905958 .cmsmasters_icon_list_icon { \n\twidth:70px; \n\theight:70px; \n\t-webkit-border-radius:5px; \n\tborder-radius:5px; \n} \n\n#cmsmasters_icon_list_items_69da0c83dfb7b7_96905958 .cmsmasters_icon_list_icon:before { \n\tfont-size:25px; \n\tline-height:70px; \n} \n\n#cmsmasters_icon_list_items_69da0c83dfb7b7_96905958 .cmsmasters_icon_list_icon:after { \n\tborder-width:0px; \n\twidth:72px; \n\theight:72px; \n\t-webkit-border-radius:5px; \n\tborder-radius:5px; \n} \n\n.cmsmasters_icon_list_items.cmsmasters_color_type_bg #cmsmasters_icon_list_item_69da0c83dfc4e4_98316687:hover .cmsmasters_icon_list_icon:after { \n\tborder-color:transparent; \n\tborder-width:0; \n} \n \n#cmsmasters_icon_list_items_69da0c83dfd766_76983367.cmsmasters_icon_list_items .cmsmasters_icon_list_item:before { \n\tleft:34.5px; \n\ttop:70px; \n} \n#cmsmasters_icon_list_items_69da0c83dfd766_76983367.cmsmasters_icon_list_type_block .cmsmasters_icon_list_item:before { \n\twidth:1px; \n} \n\n#cmsmasters_icon_list_items_69da0c83dfd766_76983367 .cmsmasters_icon_list_icon { \n\twidth:70px; \n\theight:70px; \n\t-webkit-border-radius:5px; \n\tborder-radius:5px; \n} \n\n#cmsmasters_icon_list_items_69da0c83dfd766_76983367 .cmsmasters_icon_list_icon:before { \n\tfont-size:25px; \n\tline-height:70px; \n} \n\n#cmsmasters_icon_list_items_69da0c83dfd766_76983367 .cmsmasters_icon_list_icon:after { \n\tborder-width:0px; \n\twidth:72px; \n\theight:72px; \n\t-webkit-border-radius:5px; \n\tborder-radius:5px; \n} \n\n.cmsmasters_icon_list_items.cmsmasters_color_type_bg #cmsmasters_icon_list_item_69da0c83dfe3c1_79778080:hover .cmsmasters_icon_list_icon:after { \n\tborder-color:transparent; \n\tborder-width:0; \n} \n \n#cmsmasters_row_69da0c83dfeab3_30126065 .cmsmasters_row_outer_parent { \n\tpadding-top: 90px; \n} \n\n#cmsmasters_row_69da0c83dfeab3_30126065 .cmsmasters_row_outer_parent { \n\tpadding-bottom: 50px; \n} \n\n \n#cmsmasters_heading_69da0c83e01348_64740364 { \n\ttext-align:center; \n\tmargin-top:0px; \n\tmargin-bottom:10px; \n} \n\n#cmsmasters_heading_69da0c83e01348_64740364 .cmsmasters_heading { \n\ttext-align:center; \n} \n\n#cmsmasters_heading_69da0c83e01348_64740364 .cmsmasters_heading, #cmsmasters_heading_69da0c83e01348_64740364 .cmsmasters_heading a { \n\tfont-size:42px; \n\tline-height:46px; \n\tfont-weight:300; \n\tfont-style:normal; \n} \n\n#cmsmasters_heading_69da0c83e01348_64740364 .cmsmasters_heading_divider { \n} \n\n \n#cmsmasters_row_69da0c83e01b80_10782066 .cmsmasters_row_outer_parent { \n\tpadding-top: 0px; \n} \n\n#cmsmasters_row_69da0c83e01b80_10782066 .cmsmasters_row_outer_parent { \n\tpadding-bottom: 90px; \n} \n\n<\/style><div id=\"cmsmasters_row_69da0c83df76d4_95552625\" class=\"cmsmasters_row cmsmasters_color_scheme_default cmsmasters_row_top_default cmsmasters_row_bot_default cmsmasters_row_boxed\">\n<div class=\"cmsmasters_row_outer_parent\">\n<div class=\"cmsmasters_row_outer\">\n<div class=\"cmsmasters_row_inner\">\n<div class=\"cmsmasters_row_margin\">\n<div class=\"cmsmasters_column one_third\">\n \n<ul id=\"cmsmasters_icon_list_items_69da0c83df91b4_65495029\" class=\"cmsmasters_icon_list_items cmsmasters_icon_list_type_block cmsmasters_icon_list_pos_left cmsmasters_color_type_bg\"><li id=\"cmsmasters_icon_list_item_69da0c83dfa315_44902077\" class=\"cmsmasters_icon_list_item\">\n<div class=\"cmsmasters_icon_list_item_inner\">\n<div class=\"cmsmasters_icon_list_icon_wrap\">\n<span class=\"cmsmasters_icon_list_icon cmsmasters-icon-phone-alt\"><\/span>\n<\/div>\n<div class=\"cmsmasters_icon_list_item_content\">\n<h2 class=\"cmsmasters_icon_list_item_title\">Telefon:<\/h2>\n<div class=\"cmsmasters_icon_list_item_text\">\n<p>+48 511565944<\/p>\n<\/div>\n<\/div>\n<\/div>\n<\/li><\/ul>\n<\/div>\n<div class=\"cmsmasters_column one_third\">\n \n<ul id=\"cmsmasters_icon_list_items_69da0c83dfb7b7_96905958\" class=\"cmsmasters_icon_list_items cmsmasters_icon_list_type_block cmsmasters_icon_list_pos_left cmsmasters_color_type_bg\"><li id=\"cmsmasters_icon_list_item_69da0c83dfc4e4_98316687\" class=\"cmsmasters_icon_list_item\">\n<div class=\"cmsmasters_icon_list_item_inner\">\n<div class=\"cmsmasters_icon_list_icon_wrap\">\n<span class=\"cmsmasters_icon_list_icon cmsmasters-icon-mail-3\"><\/span>\n<\/div>\n<div class=\"cmsmasters_icon_list_item_content\">\n<h2 class=\"cmsmasters_icon_list_item_title\">Email:<\/h2>\n<div class=\"cmsmasters_icon_list_item_text\">\n<p><span style=\"font-size: 12pt;\">info@daspetravel.com<\/span><\/p>\n<\/div>\n<\/div>\n<\/div>\n<\/li><\/ul>\n<\/div>\n<div class=\"cmsmasters_column one_third\">\n \n<ul id=\"cmsmasters_icon_list_items_69da0c83dfd766_76983367\" class=\"cmsmasters_icon_list_items cmsmasters_icon_list_type_block cmsmasters_icon_list_pos_left cmsmasters_color_type_bg\"><li id=\"cmsmasters_icon_list_item_69da0c83dfe3c1_79778080\" class=\"cmsmasters_icon_list_item\">\n<div class=\"cmsmasters_icon_list_item_inner\">\n<div class=\"cmsmasters_icon_list_icon_wrap\">\n<span class=\"cmsmasters_icon_list_icon cmsmasters-icon-location-3\"><\/span>\n<\/div>\n<div class=\"cmsmasters_icon_list_item_content\">\n<h2 class=\"cmsmasters_icon_list_item_title\">Adresse:<\/h2>\n<div class=\"cmsmasters_icon_list_item_text\">\n<p><span style=\"font-size: 12pt;\">Urb. Cerveceros N\u00b0 16,\u00a0Wanchaq, Cusco<br \/>\n<\/span><\/p>\n<\/div>\n<\/div>\n<\/div>\n<\/li><\/ul>\n<\/div>\n<\/div>\n<\/div>\n<\/div>\n<\/div>\n<\/div>\n<div id=\"cmsmasters_row_69da0c83dfeab3_30126065\" class=\"cmsmasters_row cmsmasters_color_scheme_default cmsmasters_row_top_default cmsmasters_row_bot_default cmsmasters_row_boxed\">\n<div class=\"cmsmasters_row_outer_parent\">\n<div class=\"cmsmasters_row_outer\">\n<div class=\"cmsmasters_row_inner\">\n<div class=\"cmsmasters_row_margin\">\n<div class=\"cmsmasters_column one_first\">\n\n<div id=\"cmsmasters_heading_69da0c83e01348_64740364\" class=\"cmsmasters_heading_wrap cmsmasters_heading_align_center\">\n\t<h2 class=\"cmsmasters_heading\">Haben Sie Fragen?<\/h2>\n<\/div><div class=\"cmsmasters_text\">\n<h3 style=\"text-align: center;\"><span style=\"color: #000000;\">F\u00dcLLEN SIE DAS FOLGENDE FORMULAR AUS, UM UNS ZU KONTAKTIEREN<\/span><\/h3>\n<\/div>\n<\/div>\n<\/div>\n<\/div>\n<\/div>\n<\/div>\n<\/div>\n<div id=\"cmsmasters_row_69da0c83e01b80_10782066\" class=\"cmsmasters_row cmsmasters_color_scheme_default cmsmasters_row_top_default cmsmasters_row_bot_default cmsmasters_row_boxed\">\n<div class=\"cmsmasters_row_outer_parent\">\n<div class=\"cmsmasters_row_outer\">\n<div class=\"cmsmasters_row_inner\">\n<div class=\"cmsmasters_row_margin\">\n<div class=\"cmsmasters_column one_half\">\n<div class=\"cmsmasters_contact_form\">\n<div class=\"wpcf7 no-js\" id=\"wpcf7-f11491-o1\" lang=\"de-DE\" dir=\"ltr\" data-wpcf7-id=\"11491\">\n<div class=\"screen-reader-response\"><p role=\"status\" aria-live=\"polite\" aria-atomic=\"true\"><\/p> <ul><\/ul><\/div>\n<form action=\"\/de\/wp-json\/wp\/v2\/pages\/11462#wpcf7-f11491-o1\" method=\"post\" class=\"wpcf7-form init\" aria-label=\"Kontaktformular\" novalidate=\"novalidate\" data-status=\"init\">\n<fieldset class=\"hidden-fields-container\"><input type=\"hidden\" name=\"_wpcf7\" value=\"11491\" \/><input type=\"hidden\" name=\"_wpcf7_version\" value=\"6.1.5\" \/><input type=\"hidden\" name=\"_wpcf7_locale\" value=\"de_DE\" \/><input type=\"hidden\" name=\"_wpcf7_unit_tag\" value=\"wpcf7-f11491-o1\" \/><input type=\"hidden\" name=\"_wpcf7_container_post\" value=\"0\" \/><input type=\"hidden\" name=\"_wpcf7_posted_data_hash\" value=\"\" \/><input type=\"hidden\" name=\"_wpcf7_recaptcha_response\" value=\"\" \/>\n<\/fieldset>\n<p><label> Name (erforderlich)<br \/>\n<span class=\"wpcf7-form-control-wrap\" data-name=\"your-name\"><input size=\"40\" maxlength=\"400\" class=\"wpcf7-form-control wpcf7-text wpcf7-validates-as-required\" aria-required=\"true\" aria-invalid=\"false\" value=\"\" type=\"text\" name=\"your-name\" \/><\/span> <\/label>\n<\/p>\n<p><label> Email (required)<br \/>\n<span class=\"wpcf7-form-control-wrap\" data-name=\"your-email\"><input size=\"40\" maxlength=\"400\" class=\"wpcf7-form-control wpcf7-email wpcf7-validates-as-required wpcf7-text wpcf7-validates-as-email\" aria-required=\"true\" aria-invalid=\"false\" value=\"\" type=\"email\" name=\"your-email\" \/><\/span> <\/label>\n<\/p>\n<p><label> Thema<br \/>\n<span class=\"wpcf7-form-control-wrap\" data-name=\"your-subject\"><input size=\"40\" maxlength=\"400\" class=\"wpcf7-form-control wpcf7-text\" aria-invalid=\"false\" value=\"\" type=\"text\" name=\"your-subject\" \/><\/span> <\/label>\n<\/p>\n<p><label> Ihre Nachricht<br \/>\n<span class=\"wpcf7-form-control-wrap\" data-name=\"your-message\"><textarea cols=\"40\" rows=\"10\" maxlength=\"2000\" class=\"wpcf7-form-control wpcf7-textarea\" aria-invalid=\"false\" name=\"your-message\"><\/textarea><\/span> <\/label>\n<\/p>\n<p><input class=\"wpcf7-form-control wpcf7-submit has-spinner\" type=\"submit\" value=\"Senden\" \/>\n<\/p><div class=\"wpcf7-response-output\" aria-hidden=\"true\"><\/div>\n<\/form>\n<\/div>\n<\/div>\n<\/div>\n<div class=\"cmsmasters_column one_half\">\n<div class=\"cmsmasters_toggles toggles_mode_toggle\">\n<div class=\"cmsmasters_toggle_wrap current_toggle\" data-tags=\"all \">\n<div class=\"cmsmasters_toggle_title\">\n<span class=\"cmsmasters_toggle_arrow\">\n<\/span>\n<a href=\"#\">Welche Art von Ausflug ist die Beste f\u00fcr mich?<\/a>\n<\/div>\n<div class=\"cmsmasters_toggle\">\n<div class=\"cmsmasters_toggle_inner\">\n<p style=\"text-align: justify;\">Jeder Ausflug den wir anbieten ist auf die Interessen und F\u00e4higkeiten des Reisenden zugeschnitten. W\u00e4hrend unserer Beratungen werden wir fragen, wonach Sie suchen, was als Reiseerfahrung erwartet wird und wo Ihre Interessen innerhalb Peru liegen. Unsere ausf\u00fchrlichen Interviews mit jedem Reisenden erm\u00f6glichen es der gesamten Gruppe, die Gewissheit zu erlangen, dass das Beste aus Ihrer Reise herausgeholt wird! Wir bieten Touren f\u00fcr alle Reisetypen an, von Naturliebhabern bis hin zu Geschichtsliebhabern, von Abenteurern bis hin zu Feinschmeckern. Sollten Sie ein bisschen an allem interessiert sein, haben wir Pakete zusammengestellt, die Ihnen einen Eindruck von Peru aus verschiedenen Blickwinkeln vermitteln.<\/p>\n<\/div>\n<\/div>\n<\/div><div class=\"cmsmasters_toggle_wrap\" data-tags=\"all \">\n<div class=\"cmsmasters_toggle_title\">\n<span class=\"cmsmasters_toggle_arrow\">\n<\/span>\n<a href=\"#\">Gibt es auch Familienausfl\u00fcge?<\/a>\n<\/div>\n<div class=\"cmsmasters_toggle\">\n<div class=\"cmsmasters_toggle_inner\">\n<p style=\"text-align: justify;\">Alle Ausfl\u00fcge sind auf den Reisenden zugeschnitten. Wenn Sie eine ganze Familie sind, die sich aus verschiedenen Geschm\u00e4ckern und Vorlieben zusammensetzt, bieten wir Ihnen erstaunliche Pakete an, mit denen alles erlebt werden kann. Wir behalten immer im Hinterkopf, was sowohl f\u00fcr die Eltern als auch f\u00fcr die Kinder Spa\u00df macht, so dass jeder von uns gut unterhalten wird und sich auf seine Reise einl\u00e4sst. Bei unseren ausf\u00fchrlichen Beratungen \u00fcber Ihre Reise achten wir darauf, dass alle Mitglieder Ihrer Familie ber\u00fccksichtigt werden.<\/p>\n<\/div>\n<\/div>\n<\/div><div class=\"cmsmasters_toggle_wrap\" data-tags=\"all \">\n<div class=\"cmsmasters_toggle_title\">\n<span class=\"cmsmasters_toggle_arrow\">\n<\/span>\n<a href=\"#\">Wie wird das Essen auf meiner Reise sein?<\/a>\n<\/div>\n<div class=\"cmsmasters_toggle\">\n<div class=\"cmsmasters_toggle_inner\">\n<p style=\"text-align: justify;\">F\u00fcr die meisten Pauschalreisen bieten wir Fr\u00fchst\u00fcck und manchmal auch Mittag- und\/oder Abendessen an. Das alles h\u00e4ngt davon ab welche Tour gew\u00e4hlt wird und welche Reisenden dabei sind. Wir bieten Empfehlungen f\u00fcr verschiedene Restaurants an, damit Sie das hervorragende Essen, das Peru zu bieten hat, entdecken k\u00f6nnen. Sollten Sie spezielle Ern\u00e4hrungseinschr\u00e4nkungen haben oder spezielle\u00a0Bed\u00fcrfnisse f\u00fcr Ihr Essen haben, geben unsere Reisef\u00fchrer gerne kompetente Empfehlungen wo und was zu Mittag- und Abend gegessen werden sollte.\u00a0 Wir tun dies, um Ihnen die M\u00f6glichkeit zu geben, das zu erleben, was Sie sich w\u00fcnschen.<\/p>\n<\/div>\n<\/div>\n<\/div><div class=\"cmsmasters_toggle_wrap\" data-tags=\"all \">\n<div class=\"cmsmasters_toggle_title\">\n<span class=\"cmsmasters_toggle_arrow\">\n<\/span>\n<a href=\"#\">Wie organisiere ich mein Visum?<\/a>\n<\/div>\n<div class=\"cmsmasters_toggle\">\n<div class=\"cmsmasters_toggle_inner\">\n<p style=\"text-align: justify;\">Im Grunde ist Peru ein Land mit offenen Toren. Die Einreise nach Peru f\u00fcr B\u00fcrger der meisten amerikanischen und westeurop\u00e4ischen L\u00e4nder erfordert kein Touristenvisum. Die maximale Aufenthaltsdauer betr\u00e4gt 183 Tage (nicht verl\u00e4ngerbar). F\u00fcr l\u00e4ngere Zeitr\u00e4ume f\u00fcr andere Zwecke (Gesch\u00e4ft, Studium, Arbeit, etc.) ist es notwendig, das entsprechende Visum bei einem peruanischen Konsulat zu beantragen.<\/p>\n<p style=\"text-align: justify;\">Um nach Peru einzureisen muss man \u00fcber einen g\u00fcltigen Reisepass verf\u00fcgen. B\u00fcrger aus Argentinien, Brasilien, Paraguay, Uruguay, Ecuador, Kolumbien, Bolivien, Venezuela und Chile k\u00f6nnen mit ihrem g\u00fcltigen nationalen Ausweis einreisen.<\/p>\n<p style=\"text-align: justify;\">Wenn Sie \u00fcberpr\u00fcfen m\u00f6chten, ob Ihr Herkunftsland ein Visum ben\u00f6tigt, klicken Sie<a href=\"https:\/\/peru.visahq.com\/\" target=\"_blank\" rel=\"noopener\">\u00a0hier<\/a><\/p>\n<\/div>\n<\/div>\n<\/div><div class=\"cmsmasters_toggle_wrap\" data-tags=\"all \">\n<div class=\"cmsmasters_toggle_title\">\n<span class=\"cmsmasters_toggle_arrow\">\n<\/span>\n<a href=\"#\">Welche Art von Gep\u00e4ck wird empfohlen?<\/a>\n<\/div>\n<div class=\"cmsmasters_toggle\">\n<div class=\"cmsmasters_toggle_inner\">\n<p style=\"text-align: justify;\">Alle Reisen sind vom Reisenden abh\u00e4ngig, daher empfehlen wir Ihnen, uns bei unseren Interviews immer zu Beginn mitzuteilen, welche Art von Abenteuer Sie suchen. Sollten Wanderungen im Vordergrund stehen, empfehlen wir Ihnen andere Gep\u00e4ckst\u00fccke, als wenn Sie mehr Zeit in Museen oder an anderen Orten in Peru verbringen m\u00f6chten. Je nach dem, welchen Ausflug Sie planen, nehmen wir uns immer die Zeit f\u00fcr Empfehlungen.<\/p>\n<\/div>\n<\/div>\n<\/div><div class=\"cmsmasters_toggle_wrap\" data-tags=\"all \">\n<div class=\"cmsmasters_toggle_title\">\n<span class=\"cmsmasters_toggle_arrow\">\n<\/span>\n<a href=\"#\">H\u00e4ufig gestellte Fragen<\/a>\n<\/div>\n<div class=\"cmsmasters_toggle\">\n<div class=\"cmsmasters_toggle_inner\">\n<p style=\"text-align: justify;\">Um sich Antworten von h\u00e4ufig gestellten Fragen anzeigen zu lassen,\u00a0<a href=\"\/?page_id=11451\">klicken Sie auf diesen Link<\/a>, der Sie zur FAQ-Seite f\u00fchrt.<\/p>\n<\/div>\n<\/div>\n<\/div><\/div>\n<\/div>\n<\/div>\n<\/div>\n<\/div>\n<\/div>\n<\/div>\n\n","protected":false},"excerpt":{"rendered":"","protected":false},"author":1,"featured_media":0,"parent":0,"menu_order":0,"comment_status":"closed","ping_status":"closed","template":"","meta":{"footnotes":""},"class_list":["post-11462","page","type-page","status-publish","hentry"],"_links":{"self":[{"href":"https:\/\/daspetravel.com\/de\/wp-json\/wp\/v2\/pages\/11462","targetHints":{"allow":["GET"]}}],"collection":[{"href":"https:\/\/daspetravel.com\/de\/wp-json\/wp\/v2\/pages"}],"about":[{"href":"https:\/\/daspetravel.com\/de\/wp-json\/wp\/v2\/types\/page"}],"author":[{"embeddable":true,"href":"https:\/\/daspetravel.com\/de\/wp-json\/wp\/v2\/users\/1"}],"replies":[{"embeddable":true,"href":"https:\/\/daspetravel.com\/de\/wp-json\/wp\/v2\/comments?post=11462"}],"version-history":[{"count":0,"href":"https:\/\/daspetravel.com\/de\/wp-json\/wp\/v2\/pages\/11462\/revisions"}],"wp:attachment":[{"href":"https:\/\/daspetravel.com\/de\/wp-json\/wp\/v2\/media?parent=11462"}],"curies":[{"name":"wp","href":"https:\/\/api.w.org\/{rel}","templated":true}]}}