{"id":11419,"date":"2017-07-26T17:10:11","date_gmt":"2017-07-26T22:10:11","guid":{"rendered":"https:\/\/www.daspetravel.com\/tours-peru\/"},"modified":"2018-09-28T12:40:30","modified_gmt":"2018-09-28T17:40:30","slug":"touren","status":"publish","type":"page","link":"https:\/\/daspetravel.com\/de\/touren\/","title":{"rendered":"Touren"},"content":{"rendered":"<style type=\"text\/css\"> \n#cmsmasters_row_69d76620563942_93783074 .cmsmasters_row_outer_parent { \n\tpadding-top: 0px; \n} \n\n#cmsmasters_row_69d76620563942_93783074 .cmsmasters_row_outer_parent { \n\tpadding-bottom: 50px; \n} \n\n \n#cmsmasters_heading_69d766205657b6_86005098 { \n\ttext-align:center; \n\tmargin-top:80px; \n\tmargin-bottom:20px; \n} \n\n#cmsmasters_heading_69d766205657b6_86005098 .cmsmasters_heading { \n\ttext-align:center; \n} \n\n#cmsmasters_heading_69d766205657b6_86005098 .cmsmasters_heading, #cmsmasters_heading_69d766205657b6_86005098 .cmsmasters_heading a { \n\tfont-size:42px; \n\tline-height:46px; \n\tfont-weight:300; \n\tfont-style:normal; \n} \n\n#cmsmasters_heading_69d766205657b6_86005098 .cmsmasters_heading_divider { \n} \n\n \n#cmsmasters_row_69d76620566e85_39758349 .cmsmasters_row_outer_parent { \n\tpadding-top: 0px; \n} \n\n#cmsmasters_row_69d76620566e85_39758349 .cmsmasters_row_outer_parent { \n\tpadding-bottom: 50px; \n} \n\n<\/style><div id=\"cmsmasters_row_69d76620563942_93783074\" class=\"cmsmasters_row cmsmasters_color_scheme_default cmsmasters_row_top_default cmsmasters_row_bot_default cmsmasters_row_boxed\">\n<div class=\"cmsmasters_row_outer_parent\">\n<div class=\"cmsmasters_row_outer\">\n<div class=\"cmsmasters_row_inner\">\n<div class=\"cmsmasters_row_margin\">\n<div class=\"cmsmasters_column one_first\">\n\n<div id=\"cmsmasters_heading_69d766205657b6_86005098\" class=\"cmsmasters_heading_wrap cmsmasters_heading_align_center\">\n\t<h2 class=\"cmsmasters_heading\">Individuelle &amp; ma\u00dfgeschneiderte Touren in kleinen Gruppen<\/h2>\n<\/div><div class=\"cmsmasters_text\">\n<p style=\"text-align: center;\">Ob ihr auf einem Waldpfad wandert oder Wale beobachtet, die lokalen Einblicke, die ihr von eurem pers\u00f6nlichen Reiseleiter erhaltet, werden euren Aufenthalt interessanter machen und euch die Reiseplanung abnehmen. Unsere Touren finden immer in kleinen Gruppen statt und richten sich nach dem, was ihr als Kunden am liebsten sehen und erleben m\u00f6chtet.<\/p>\n<\/div>\n<\/div>\n<\/div>\n<\/div>\n<\/div>\n<\/div>\n<\/div>\n<div id=\"cmsmasters_row_69d76620566e85_39758349\" class=\"cmsmasters_row cmsmasters_color_scheme_default cmsmasters_row_top_default cmsmasters_row_bot_default cmsmasters_row_boxed\">\n<div class=\"cmsmasters_row_outer_parent\">\n<div class=\"cmsmasters_row_outer\">\n<div class=\"cmsmasters_row_inner\">\n<div class=\"cmsmasters_row_margin\">\n<div class=\"cmsmasters_column one_first\">\n<div class=\"cmsmasters_wrap_portfolio entry-summary\" id=\"portfolio_69d766205686e9_93545720\">\r\n<script type=\"text\/javascript\">\r\njQuery(document).ready(function () {\r\n\t(function ($) {\r\n\t\tif ($('#portfolio_69d766205686e9_93545720').find('article').length == '0') {\r\n\t\t\treturn false;\r\n\t\t}\r\n\t\t\r\n\t\r\n\t\tstartPortfolio( \r\n\t\t\t'69d766205686e9_93545720', \r\n\t\t\t'grid', \r\n\t\t\t'perfect', \r\n\t\t\t'https:\/\/daspetravel.com\/wp-content\/plugins\/cmsmasters-content-composer\/', \r\n\t\t\t'date', \r\n\t\t\t'DESC', \r\n\t\t\t'9', \r\n\t\t\t'', \r\n\t\t\t'title,excerpt,duration,participants' \r\n\t\t);\r\n\t} )(jQuery);\r\n} );\r\n<\/script>\r\n<div class=\"portfolio grid large_gap perfect cmsmasters_3\">\r\n<!-- Start Standard Tour -->\r\n\r\n<article id=\"post-13892\" class=\"cmsmasters_project_grid post-13892 project type-project status-publish format-standard has-post-thumbnail hentry pj-categs-activities-de pj-categs-hiking-trekking-de pj-categs-madre-de-dios-de pj-categs-nature-wildlife-de pj-categs-popular-de pj-categs-rafting-kayaking-de pj-categs-sightseeing-de pj-categs-tour-packages-de pj-tags-personalized-tours-in-peru-de pj-tags-puerto-maldonado-in-peru-de pj-tags-sandoval-lake-peru-de\" data-category=\"activities-de hiking-trekking-de madre-de-dios-de nature-wildlife-de popular-de rafting-kayaking-de sightseeing-de tour-packages-de\">\r\n\t<div class=\"project_outer\">\r\n\t\t<div class=\"project_outer_image_wrap\">\r\n\t\r\n\t\t<div class=\"project_outer_image_wrap_meta entry-meta\"><div class=\"project_outer_image_wrap_meta_bottom entry-meta\"><header class=\"cmsmasters_project_header entry-header\"><h2 class=\"cmsmasters_project_title entry-title\"><a href=\"https:\/\/daspetravel.com\/de\/tours\/palcoyo-regenbogen-berg-peru-qeswachaka-inka-bruecke-und-waqrapukara\/\">Palcoyo, Q&#039;eswachaka Br\u00fccke und Waqrapukara<\/a><\/h2><\/header><\/div><\/div><figure class=\"cmsmasters_img_rollover_wrap preloader\"><img loading=\"lazy\" decoding=\"async\" width=\"580\" height=\"378\" src=\"https:\/\/daspetravel.com\/wp-content\/uploads\/2017\/09\/Peruvian-Rainbow-Mountains-580x378.jpg\" class=\"full-width wp-post-image\" alt=\"Palcoyo, Q&#039;eswachaka Br\u00fccke und Waqrapukara\" title=\"Palcoyo, Q&#039;eswachaka Br\u00fccke und Waqrapukara\" \/><\/figure><\/div><div class=\"project_inner\"><div class=\"cmsmasters_project_content entry-content\">\n<p>Wandert entlang der Regenbogen-Berge Perus und durch die Schlucht von Apurimac. Entdeckt die letzte handgemacht H\u00e4ngebr\u00fccke der Inka Q'eswachaka - auf einem Weg, den nur wenige Leute kennen.<\/p>\n<\/div>\n<footer class=\"cmsmasters_project_footer entry-meta\"><span class=\"cmsmasters_portfolio_project_duration\">2 Tage<\/span><span class=\"cmsmasters_portfolio_project_participants\">3-6<\/span><\/footer><\/div><span class=\"dn meta-date\">20180522054441<\/span>\t<\/div>\r\n<\/article>\r\n<!-- Finish Standard Tour -->\r\n\r\n\r\n<!-- Start Standard Tour -->\r\n\r\n<article id=\"post-11279\" class=\"cmsmasters_project_grid post-11279 project type-project status-publish format-standard has-post-thumbnail hentry pj-categs-activities-de pj-categs-hiking-trekking-de pj-categs-madre-de-dios-de pj-categs-nature-wildlife-de pj-categs-popular-de pj-categs-rafting-kayaking-de pj-categs-sightseeing-de pj-categs-tour-packages-de pj-tags-personalized-tours-in-peru-de pj-tags-puerto-maldonado-in-peru-de pj-tags-sandoval-lake-peru-de\" data-category=\"activities-de hiking-trekking-de madre-de-dios-de nature-wildlife-de popular-de rafting-kayaking-de sightseeing-de tour-packages-de\">\r\n\t<div class=\"project_outer\">\r\n\t\t<div class=\"project_outer_image_wrap\">\r\n\t\r\n\t\t<div class=\"project_outer_image_wrap_meta entry-meta\"><div class=\"project_outer_image_wrap_meta_bottom entry-meta\"><header class=\"cmsmasters_project_header entry-header\"><h2 class=\"cmsmasters_project_title entry-title\"><a href=\"https:\/\/daspetravel.com\/de\/tours\/sandoval-see-in-puerto-maldonado\/\" target=\"_blank\">Sandoval See in Puerto Maldonado<\/a><\/h2><\/header><\/div><\/div><figure class=\"cmsmasters_img_rollover_wrap preloader\"><img loading=\"lazy\" decoding=\"async\" width=\"580\" height=\"378\" src=\"https:\/\/daspetravel.com\/wp-content\/uploads\/2017\/10\/Puerto-Maldonado-Sandoval-Lake-tour-580x378.jpg\" class=\"full-width wp-post-image\" alt=\"Sandoval See in Puerto Maldonado\" title=\"Sandoval See in Puerto Maldonado\" \/><\/figure><\/div><div class=\"project_inner\"><div class=\"cmsmasters_project_content entry-content\">\n<p>Reise zum Sandoval See in Puerto Maldonado, mit einer \u00dcbernachtung in einer Lodge am See. Genie\u00dfe die umliegende Natur und das grandiose Wildleben zu Fu\u00df und auf dem Boot! <\/p>\n<\/div>\n<footer class=\"cmsmasters_project_footer entry-meta\"><span class=\"cmsmasters_portfolio_project_duration\">3 Tage<\/span><span class=\"cmsmasters_portfolio_project_participants\">3-6<\/span><\/footer><\/div><span class=\"dn meta-date\">20171016142137<\/span>\t<\/div>\r\n<\/article>\r\n<!-- Finish Standard Tour -->\r\n\r\n\r\n<!-- Start Standard Tour -->\r\n\r\n<article id=\"post-11307\" class=\"cmsmasters_project_grid post-11307 project type-project status-publish format-standard has-post-thumbnail hentry pj-categs-activities-de pj-categs-cusco-de pj-categs-hiking-trekking-de pj-categs-madre-de-dios-de pj-categs-nature-wildlife-de pj-categs-popular-de pj-categs-sightseeing-de pj-categs-tour-packages-de pj-tags-manu-jungle-tour-de pj-tags-manu-national-park-de pj-tags-personalized-tours-to-jungle-in-peru-de\" data-category=\"activities-de cusco-de hiking-trekking-de madre-de-dios-de nature-wildlife-de popular-de sightseeing-de tour-packages-de\">\r\n\t<div class=\"project_outer\">\r\n\t\t<div class=\"project_outer_image_wrap\">\r\n\t\r\n\t\t<div class=\"project_outer_image_wrap_meta entry-meta\"><div class=\"project_outer_image_wrap_meta_bottom entry-meta\"><header class=\"cmsmasters_project_header entry-header\"><h2 class=\"cmsmasters_project_title entry-title\"><a href=\"https:\/\/daspetravel.com\/de\/tours\/manu-cultural-zone-expedition\/\" target=\"_blank\">Manu Cultural Zone Expedition<\/a><\/h2><\/header><\/div><\/div><figure class=\"cmsmasters_img_rollover_wrap preloader\"><img loading=\"lazy\" decoding=\"async\" width=\"580\" height=\"378\" src=\"https:\/\/daspetravel.com\/wp-content\/uploads\/2017\/10\/Manu-National-Park-Cultural-Zone-Expedition-580x378.jpg\" class=\"full-width wp-post-image\" alt=\"Manu Cultural Zone Expedition\" title=\"Manu Cultural Zone Expedition\" \/><\/figure><\/div><div class=\"project_inner\"><div class=\"cmsmasters_project_content entry-content\">\n<p>Erlebe den ber\u00fchmten Regenwald und die Sehensw\u00fcrdigkeiten und Kl\u00e4nge des Manu Nationalparks im Nebelwald der Berge. Verbringe 4 Tage um in das Leben und die Kultur des Dschungels zu schl\u00fcpfen!<\/p>\n<\/div>\n<footer class=\"cmsmasters_project_footer entry-meta\"><span class=\"cmsmasters_portfolio_project_duration\">4 Tage<\/span><span class=\"cmsmasters_portfolio_project_participants\">3-6<\/span><\/footer><\/div><span class=\"dn meta-date\">20171016121630<\/span>\t<\/div>\r\n<\/article>\r\n<!-- Finish Standard Tour -->\r\n\r\n\r\n<!-- Start Standard Tour -->\r\n\r\n<article id=\"post-11355\" class=\"cmsmasters_project_grid post-11355 project type-project status-publish format-standard has-post-thumbnail hentry pj-categs-activities-de pj-categs-cusco-de pj-categs-hiking-trekking-de pj-categs-machu-picchu-tours-de pj-categs-popular-de pj-categs-rafting-kayaking-de pj-categs-sightseeing-de pj-categs-tour-packages-de pj-tags-cusco-tour-de pj-tags-machu-picchu-personalized-tour-de pj-tags-peru-personalized-tours-de pj-tags-tailor-made-tours-in-peru-de\" data-category=\"activities-de cusco-de hiking-trekking-de machu-picchu-tours-de popular-de rafting-kayaking-de sightseeing-de tour-packages-de\">\r\n\t<div class=\"project_outer\">\r\n\t\t<div class=\"project_outer_image_wrap\">\r\n\t\r\n\t\t<div class=\"project_outer_image_wrap_meta entry-meta\"><div class=\"project_outer_image_wrap_meta_bottom entry-meta\"><header class=\"cmsmasters_project_header entry-header\"><h2 class=\"cmsmasters_project_title entry-title\"><a href=\"https:\/\/daspetravel.com\/de\/tours\/kaffee-dschungel-tour-nach-machu-picchu\/\" target=\"_blank\">Kaffee Dschungel Tour nach Machu Picchu<\/a><\/h2><\/header><\/div><\/div><figure class=\"cmsmasters_img_rollover_wrap preloader\"><img loading=\"lazy\" decoding=\"async\" width=\"580\" height=\"378\" src=\"https:\/\/daspetravel.com\/wp-content\/uploads\/2017\/10\/Coffee-in-Peru-580x378.jpg\" class=\"full-width wp-post-image\" alt=\"Kaffee Dschungel Tour nach Machu Picchu\" title=\"Kaffee Dschungel Tour nach Machu Picchu\" \/><\/figure><\/div><div class=\"project_inner\"><div class=\"cmsmasters_project_content entry-content\">\n<p>Von Cusco nach Machu Picchu, durch spektakul\u00e4re Orte in der Region, einschlie\u00dflich einer Kaffeeplantage. Erkunde die Anden und den Dschungel mit tollen Attraktionen in 4 Tagen. <\/p>\n<\/div>\n<footer class=\"cmsmasters_project_footer entry-meta\"><span class=\"cmsmasters_portfolio_project_duration\">4 Tage<\/span><span class=\"cmsmasters_portfolio_project_participants\">2-8<\/span><\/footer><\/div><span class=\"dn meta-date\">20171003131858<\/span>\t<\/div>\r\n<\/article>\r\n<!-- Finish Standard Tour -->\r\n\r\n\r\n<!-- Start Standard Tour -->\r\n\r\n<article id=\"post-11375\" class=\"cmsmasters_project_grid post-11375 project type-project status-publish format-standard has-post-thumbnail hentry pj-categs-activities-de pj-categs-arequipa-de pj-categs-cusco-de pj-categs-hiking-trekking-de pj-categs-lima-de pj-categs-popular-de pj-categs-sightseeing-de pj-categs-tour-packages-de pj-tags-cusco-tour-de pj-tags-machu-picchu-personalized-tour-de pj-tags-peru-personalized-tours-de pj-tags-tailor-made-tours-in-peru-de\" data-category=\"activities-de arequipa-de cusco-de hiking-trekking-de lima-de popular-de sightseeing-de tour-packages-de\">\r\n\t<div class=\"project_outer\">\r\n\t\t<div class=\"project_outer_image_wrap\">\r\n\t\r\n\t\t<div class=\"project_outer_image_wrap_meta entry-meta\"><div class=\"project_outer_image_wrap_meta_bottom entry-meta\"><header class=\"cmsmasters_project_header entry-header\"><h2 class=\"cmsmasters_project_title entry-title\"><a href=\"https:\/\/daspetravel.com\/de\/tours\/cusco-titicaca-arequipa-und-lima-express\/\" target=\"_blank\">Cusco, Titicaca, Arequipa und Lima Express<\/a><\/h2><\/header><\/div><\/div><figure class=\"cmsmasters_img_rollover_wrap preloader\"><img loading=\"lazy\" decoding=\"async\" width=\"580\" height=\"378\" src=\"https:\/\/daspetravel.com\/wp-content\/uploads\/2017\/09\/Chinchero-Sacred-Valley-tour-580x378.jpg\" class=\"full-width wp-post-image\" alt=\"Cusco, Titicaca, Arequipa und Lima Express\" title=\"Cusco, Titicaca, Arequipa und Lima Express\" \/><\/figure><\/div><div class=\"project_inner\"><div class=\"cmsmasters_project_content entry-content\">\n<p>Springe kopf\u00fcber in die Peruanische Kultur mit dieser 9-t\u00e4gigen Tour. Vom kolonialen Cusco, \u00fcber das Inkareich zum Titicacasee und Arequipa, zur\u00fcck zur Hauptstadt Lima - diese Tour gibt einen tollen Eindruck von Peru. <\/p>\n<\/div>\n<footer class=\"cmsmasters_project_footer entry-meta\"><span class=\"cmsmasters_portfolio_project_duration\">9 Tage<\/span><span class=\"cmsmasters_portfolio_project_participants\">2-8 Personen<\/span><\/footer><\/div><span class=\"dn meta-date\">20170929122200<\/span>\t<\/div>\r\n<\/article>\r\n<!-- Finish Standard Tour -->\r\n\r\n\r\n<!-- Start Standard Tour -->\r\n\r\n<article id=\"post-11524\" class=\"cmsmasters_project_grid post-11524 project type-project status-publish format-standard has-post-thumbnail hentry pj-categs-activities-de pj-categs-cusco-de pj-categs-machu-picchu-tours-de pj-categs-popular-de pj-categs-sightseeing-de pj-categs-tour-packages-de pj-tags-cusco-tour-de pj-tags-machu-picchu-personalized-tour-de pj-tags-peru-personalized-tours-de pj-tags-tailor-made-tours-in-peru-de\" data-category=\"activities-de cusco-de machu-picchu-tours-de popular-de sightseeing-de tour-packages-de\">\r\n\t<div class=\"project_outer\">\r\n\t\t<div class=\"project_outer_image_wrap\">\r\n\t\r\n\t\t<div class=\"project_outer_image_wrap_meta entry-meta\"><div class=\"project_outer_image_wrap_meta_bottom entry-meta\"><header class=\"cmsmasters_project_header entry-header\"><h2 class=\"cmsmasters_project_title entry-title\"><a href=\"https:\/\/daspetravel.com\/de\/tours\/chinchero-moray-salineras-ollantaytambo-nach-machu-picchu\/\" target=\"_blank\">Chinchero, Moray, Salineras, Ollantaytambo nach Machu Picchu<\/a><\/h2><\/header><\/div><\/div><figure class=\"cmsmasters_img_rollover_wrap preloader\"><img loading=\"lazy\" decoding=\"async\" width=\"580\" height=\"378\" src=\"https:\/\/daspetravel.com\/wp-content\/uploads\/2017\/02\/Cusco-city-in-Peru-580x378.jpg\" class=\"full-width wp-post-image\" alt=\"Chinchero, Moray, Salineras, Ollantaytambo nach Machu Picchu\" title=\"Chinchero, Moray, Salineras, Ollantaytambo nach Machu Picchu\" \/><\/figure><\/div><div class=\"project_inner\"><div class=\"cmsmasters_project_content entry-content\">\n<p>Die Region Chinchero ist voll von arch\u00e4ologischen St\u00e4tten, Andend\u00f6rfern, atemberaubenden Aussichten! Erlebe das Beste der Kultur und Geschichte, von der Gegenwart bis zur\u00fcck zum Inkareich!<\/p>\n<\/div>\n<footer class=\"cmsmasters_project_footer entry-meta\"><span class=\"cmsmasters_portfolio_project_duration\">2 Tage<\/span><span class=\"cmsmasters_portfolio_project_participants\">2-8<\/span><\/footer><\/div><span class=\"dn meta-date\">20170927134110<\/span>\t<\/div>\r\n<\/article>\r\n<!-- Finish Standard Tour -->\r\n\r\n\r\n<!-- Start Standard Tour -->\r\n\r\n<article id=\"post-11561\" class=\"cmsmasters_project_grid post-11561 project type-project status-publish format-standard has-post-thumbnail hentry pj-categs-active-de pj-categs-cusco-de pj-categs-popular-de pj-categs-sightseeing-de pj-categs-tour-packages-de pj-tags-checacupe-inca-rope-bridge-de\" data-category=\"active-de cusco-de popular-de sightseeing-de tour-packages-de\">\r\n\t<div class=\"project_outer\">\r\n\t\t<div class=\"project_outer_image_wrap\">\r\n\t\r\n\t\t<div class=\"project_outer_image_wrap_meta entry-meta\"><div class=\"project_outer_image_wrap_meta_bottom entry-meta\"><header class=\"cmsmasters_project_header entry-header\"><h2 class=\"cmsmasters_project_title entry-title\"><a href=\"https:\/\/daspetravel.com\/de\/tours\/die-3-regenbogenberge-palcoyo-queswachaka-inka-bruecke\/\">Palcoyo Regenbogenberge &amp; Q&#039;ueswachaka Inka Br\u00fccke<\/a><\/h2><\/header><\/div><\/div><figure class=\"cmsmasters_img_rollover_wrap preloader\"><img loading=\"lazy\" decoding=\"async\" width=\"580\" height=\"331\" src=\"https:\/\/daspetravel.com\/wp-content\/uploads\/2017\/08\/DSC_9299-1-580x331.jpg\" class=\"full-width wp-post-image\" alt=\"Palcoyo Regenbogenberge &amp; Q&#039;ueswachaka Inka Br\u00fccke\" title=\"Palcoyo Regenbogenberge &amp; Q&#039;ueswachaka Inka Br\u00fccke\" \/><\/figure><\/div><div class=\"project_inner\"><div class=\"cmsmasters_project_content entry-content\">\n<p>Begib dich auf ein Abenteuer in die regenbogenfarbenen Berge und erlebe den erstaunlichen \"Jardin de Piedras\" mit einem einheimischen F\u00fchrer. Im Anschluss wird die Checacupe Inka Seilbr\u00fccke aus dem Inkareich besucht. <\/p>\n<\/div>\n<footer class=\"cmsmasters_project_footer entry-meta\"><span class=\"cmsmasters_portfolio_project_duration\">1 Tag<\/span><span class=\"cmsmasters_portfolio_project_participants\">2-8 Peronen<\/span><\/footer><\/div><span class=\"dn meta-date\">20170927102541<\/span>\t<\/div>\r\n<\/article>\r\n<!-- Finish Standard Tour -->\r\n\r\n\r\n<!-- Start Standard Tour -->\r\n\r\n<article id=\"post-16125\" class=\"cmsmasters_project_grid post-16125 project type-project status-publish format-standard has-post-thumbnail hentry pj-categs-destination-de\" data-category=\"destination-de\">\r\n\t<div class=\"project_outer\">\r\n\t\t<div class=\"project_outer_image_wrap\">\r\n\t\r\n\t\t<div class=\"project_outer_image_wrap_meta entry-meta\"><div class=\"project_outer_image_wrap_meta_bottom entry-meta\"><header class=\"cmsmasters_project_header entry-header\"><h2 class=\"cmsmasters_project_title entry-title\"><a href=\"https:\/\/daspetravel.com\/de\/tours\/ica\/\">Ica<\/a><\/h2><\/header><\/div><\/div><figure class=\"cmsmasters_img_rollover_wrap preloader\"><img loading=\"lazy\" decoding=\"async\" width=\"480\" height=\"378\" src=\"https:\/\/daspetravel.com\/wp-content\/uploads\/2017\/09\/ica-1-480x378.jpg\" class=\"full-width wp-post-image\" alt=\"Ica\" title=\"Ica\" \/><\/figure><\/div><div class=\"project_inner\"><div class=\"cmsmasters_project_content entry-content\">\n<p>Ica is a hot, busy and chaotic city at the Peruvian Coast. It's famous for its wine.<\/p>\n<\/div>\n<footer class=\"cmsmasters_project_footer entry-meta\"><\/footer><\/div><span class=\"dn meta-date\">20170901123844<\/span>\t<\/div>\r\n<\/article>\r\n<!-- Finish Standard Tour -->\r\n\r\n\r\n<!-- Start Standard Tour -->\r\n\r\n<article id=\"post-11626\" class=\"cmsmasters_project_grid post-11626 project type-project status-publish format-standard has-post-thumbnail hentry pj-categs-active-de pj-categs-activities-de pj-categs-cusco-de pj-categs-hiking-trekking-de pj-categs-machu-picchu-tours-de pj-categs-tour-packages-de pj-tags-cusco-region-tours-de pj-tags-hiking-de pj-tags-sacred-valley-tours-de pj-tags-trekking-de\" data-category=\"active-de activities-de cusco-de hiking-trekking-de machu-picchu-tours-de tour-packages-de\">\r\n\t<div class=\"project_outer\">\r\n\t\t<div class=\"project_outer_image_wrap\">\r\n\t\r\n\t\t<div class=\"project_outer_image_wrap_meta entry-meta\"><div class=\"project_outer_image_wrap_meta_bottom entry-meta\"><header class=\"cmsmasters_project_header entry-header\"><h2 class=\"cmsmasters_project_title entry-title\"><a href=\"https:\/\/daspetravel.com\/de\/tours\/huchuy-qosqo-lares-und-machu-picchu-tour\/\" target=\"_blank\">Huchuy Qosqo, Lares und Machu Picchu Tour<\/a><\/h2><\/header><\/div><\/div><figure class=\"cmsmasters_img_rollover_wrap preloader\"><img loading=\"lazy\" decoding=\"async\" width=\"580\" height=\"378\" src=\"https:\/\/daspetravel.com\/wp-content\/uploads\/2017\/02\/Tour-to-Machu-Picchu-580x378.jpg\" class=\"full-width wp-post-image\" alt=\"Huchuy Qosqo, Lares und Machu Picchu Tour\" title=\"Huchuy Qosqo, Lares und Machu Picchu Tour\" \/><\/figure><\/div><div class=\"project_inner\"><div class=\"cmsmasters_project_content entry-content\">\n<p>Die peruanischen Anden bieten erstklassige Wanderm\u00f6glichkeiten. Auf diesem 5 Tage Abenteuer hast du die M\u00f6glichkeit, H\u00f6hepunkte im Heiligen Tal der Inkas und an anderen Orten zu sehen.  <\/p>\n<\/div>\n<footer class=\"cmsmasters_project_footer entry-meta\"><span class=\"cmsmasters_portfolio_project_duration\">5 Tage<\/span><span class=\"cmsmasters_portfolio_project_participants\">2-8 Personen<\/span><\/footer><\/div><span class=\"dn meta-date\">20170728142151<\/span>\t<\/div>\r\n<\/article>\r\n<!-- Finish Standard Tour -->\r\n\r\n<\/div><div class=\"cmsmasters_wrap_more_projects cmsmasters_wrap_more_items\"><div class=\"cmsmasters_wrap_project_loader cmsmasters_wrap_items_loader\">\r\n\t\t\t\t\t<a href=\"javascript:void(0)\" class=\"cmsmasters_button cmsmasters_project_loader cmsmasters_items_loader\">\r\n\t\t\t\t\t\t<span>Mehr Touren zeigen<\/span>\r\n\t\t\t\t\t<\/a>\r\n\t\t\t\t<\/div><\/div><\/div>\n<\/div>\n<\/div>\n<\/div>\n<\/div>\n<\/div>\n<\/div>\n\n","protected":false},"excerpt":{"rendered":"","protected":false},"author":1,"featured_media":0,"parent":0,"menu_order":0,"comment_status":"closed","ping_status":"closed","template":"","meta":{"footnotes":""},"class_list":["post-11419","page","type-page","status-publish","hentry"],"_links":{"self":[{"href":"https:\/\/daspetravel.com\/de\/wp-json\/wp\/v2\/pages\/11419","targetHints":{"allow":["GET"]}}],"collection":[{"href":"https:\/\/daspetravel.com\/de\/wp-json\/wp\/v2\/pages"}],"about":[{"href":"https:\/\/daspetravel.com\/de\/wp-json\/wp\/v2\/types\/page"}],"author":[{"embeddable":true,"href":"https:\/\/daspetravel.com\/de\/wp-json\/wp\/v2\/users\/1"}],"replies":[{"embeddable":true,"href":"https:\/\/daspetravel.com\/de\/wp-json\/wp\/v2\/comments?post=11419"}],"version-history":[{"count":0,"href":"https:\/\/daspetravel.com\/de\/wp-json\/wp\/v2\/pages\/11419\/revisions"}],"wp:attachment":[{"href":"https:\/\/daspetravel.com\/de\/wp-json\/wp\/v2\/media?parent=11419"}],"curies":[{"name":"wp","href":"https:\/\/api.w.org\/{rel}","templated":true}]}}