{"id":11400,"date":"2015-07-22T12:14:19","date_gmt":"2015-07-22T12:14:19","guid":{"rendered":"https:\/\/www.daspetravel.com\/about-us\/"},"modified":"2020-09-20T15:17:05","modified_gmt":"2020-09-20T20:17:05","slug":"ueber-uns","status":"publish","type":"page","link":"https:\/\/daspetravel.com\/de\/ueber-uns\/","title":{"rendered":"\u00dcber uns"},"content":{"rendered":"<style type=\"text\/css\"> \n#cmsmasters_row_69efc4ab0ba8f5_44253293 { \n\tbackground-image: url(https:\/\/daspetravel.com\/wp-content\/uploads\/2015\/07\/about-us-daspe-travel-e1537192769275.jpg); \n\tbackground-position: center center; \n\tbackground-repeat: no-repeat; \n\tbackground-attachment: scroll; \n\tbackground-size: cover; \n} \n\n#cmsmasters_row_69efc4ab0ba8f5_44253293 .cmsmasters_row_outer_parent { \n\tpadding-top: 230px; \n} \n\n#cmsmasters_row_69efc4ab0ba8f5_44253293 .cmsmasters_row_outer_parent { \n\tpadding-bottom: 230px; \n} \n\n \n#cmsmasters_heading_69efc4ab0c1a53_26097203 { \n\ttext-align:center; \n\tmargin-top:0px; \n\tmargin-bottom:0px; \n} \n\n#cmsmasters_heading_69efc4ab0c1a53_26097203 .cmsmasters_heading { \n\ttext-align:center; \n} \n\n#cmsmasters_heading_69efc4ab0c1a53_26097203 .cmsmasters_heading, #cmsmasters_heading_69efc4ab0c1a53_26097203 .cmsmasters_heading a { \n\tfont-size:125px; \n\tline-height:135px; \n\tfont-weight:300; \n\tfont-style:normal; \n\tcolor:#ffffff;\n} \n\n#cmsmasters_heading_69efc4ab0c1a53_26097203 .cmsmasters_heading_divider { \n} \n\n@media (max-width: 767px) {\n\n#cmsmasters_heading_69efc4ab0c1a53_26097203 .cmsmasters_heading, #cmsmasters_heading_69efc4ab0c1a53_26097203 .cmsmasters_heading a { \n\tfont-size:48px; \n} \n\n} \n\n \n#cmsmasters_heading_69efc4ab0c2ac6_21929943 { \n\ttext-align:center; \n\tmargin-top:0px; \n\tmargin-bottom:20px; \n} \n\n#cmsmasters_heading_69efc4ab0c2ac6_21929943 .cmsmasters_heading { \n\ttext-align:center; \n} \n\n#cmsmasters_heading_69efc4ab0c2ac6_21929943 .cmsmasters_heading, #cmsmasters_heading_69efc4ab0c2ac6_21929943 .cmsmasters_heading a { \n\tfont-size:40px; \n\tfont-weight:300; \n\tfont-style:normal; \n\tcolor:#ffffff;\n} \n\n#cmsmasters_heading_69efc4ab0c2ac6_21929943 .cmsmasters_heading_divider { \n} \n\n \n#cmsmasters_row_69efc4ab0c4101_92300228 { \n\tbackground-color:#ffffff;\n} \n\n#cmsmasters_row_69efc4ab0c4101_92300228 .cmsmasters_row_outer_parent { \n\tpadding-top: 70px; \n} \n\n#cmsmasters_row_69efc4ab0c4101_92300228 .cmsmasters_row_outer_parent { \n\tpadding-bottom: 10px; \n} \n\n \n#cmsmasters_heading_69efc4ab0c5cc1_23042774 { \n\ttext-align:center; \n\tmargin-top:0px; \n\tmargin-bottom:50px; \n} \n\n#cmsmasters_heading_69efc4ab0c5cc1_23042774 .cmsmasters_heading { \n\ttext-align:center; \n} \n\n#cmsmasters_heading_69efc4ab0c5cc1_23042774 .cmsmasters_heading, #cmsmasters_heading_69efc4ab0c5cc1_23042774 .cmsmasters_heading a { \n\tfont-size:42px; \n\tline-height:50px; \n\tfont-weight:300; \n\tfont-style:normal; \n} \n\n#cmsmasters_heading_69efc4ab0c5cc1_23042774 .cmsmasters_heading_divider { \n} \n\n \n#cmsmasters_row_69efc4ab0c63b9_36813225 { \n\tbackground-color:#ffffff;\n} \n\n#cmsmasters_row_69efc4ab0c63b9_36813225 .cmsmasters_row_outer_parent { \n\tpadding-top: 70px; \n} \n\n#cmsmasters_row_69efc4ab0c63b9_36813225 .cmsmasters_row_outer_parent { \n\tpadding-bottom: 10px; \n} \n\n \n#cmsmasters_heading_69efc4ab0c76d6_64040581 { \n\ttext-align:center; \n\tmargin-top:0px; \n\tmargin-bottom:50px; \n} \n\n#cmsmasters_heading_69efc4ab0c76d6_64040581 .cmsmasters_heading { \n\ttext-align:center; \n} \n\n#cmsmasters_heading_69efc4ab0c76d6_64040581 .cmsmasters_heading, #cmsmasters_heading_69efc4ab0c76d6_64040581 .cmsmasters_heading a { \n\tfont-size:42px; \n\tline-height:50px; \n\tfont-weight:300; \n\tfont-style:normal; \n} \n\n#cmsmasters_heading_69efc4ab0c76d6_64040581 .cmsmasters_heading_divider { \n} \n\n \n#cmsmasters_row_69efc4ab0c7ee1_63478785 { \n\tbackground-color:#ffffff;\n} \n\n#cmsmasters_row_69efc4ab0c7ee1_63478785 .cmsmasters_row_outer_parent { \n\tpadding-top: 70px; \n} \n\n#cmsmasters_row_69efc4ab0c7ee1_63478785 .cmsmasters_row_outer_parent { \n\tpadding-bottom: 10px; \n} \n\n \n#cmsmasters_heading_69efc4ab0c9178_77205530 { \n\ttext-align:center; \n\tmargin-top:0px; \n\tmargin-bottom:50px; \n} \n\n#cmsmasters_heading_69efc4ab0c9178_77205530 .cmsmasters_heading { \n\ttext-align:center; \n} \n\n#cmsmasters_heading_69efc4ab0c9178_77205530 .cmsmasters_heading, #cmsmasters_heading_69efc4ab0c9178_77205530 .cmsmasters_heading a { \n\tfont-size:42px; \n\tline-height:50px; \n\tfont-weight:300; \n\tfont-style:normal; \n} \n\n#cmsmasters_heading_69efc4ab0c9178_77205530 .cmsmasters_heading_divider { \n} \n\n \n#cmsmasters_row_69efc4ab0c97f1_96094949 { \n\tbackground-color:#ffffff;\n} \n\n#cmsmasters_row_69efc4ab0c97f1_96094949 .cmsmasters_row_outer_parent { \n\tpadding-top: 70px; \n} \n\n#cmsmasters_row_69efc4ab0c97f1_96094949 .cmsmasters_row_outer_parent { \n\tpadding-bottom: 10px; \n} \n\n \n#cmsmasters_heading_69efc4ab0cac60_43425357 { \n\ttext-align:center; \n\tmargin-top:0px; \n\tmargin-bottom:50px; \n} \n\n#cmsmasters_heading_69efc4ab0cac60_43425357 .cmsmasters_heading { \n\ttext-align:center; \n} \n\n#cmsmasters_heading_69efc4ab0cac60_43425357 .cmsmasters_heading, #cmsmasters_heading_69efc4ab0cac60_43425357 .cmsmasters_heading a { \n\tfont-size:42px; \n\tline-height:50px; \n\tfont-weight:300; \n\tfont-style:normal; \n} \n\n#cmsmasters_heading_69efc4ab0cac60_43425357 .cmsmasters_heading_divider { \n} \n\n \n#cmsmasters_row_69efc4ab0cb5f1_67491780 { \n\tbackground-color:#ffffff;\n} \n\n#cmsmasters_row_69efc4ab0cb5f1_67491780 .cmsmasters_row_outer_parent { \n\tpadding-top: 70px; \n} \n\n#cmsmasters_row_69efc4ab0cb5f1_67491780 .cmsmasters_row_outer_parent { \n\tpadding-bottom: 10px; \n} \n\n \n#cmsmasters_heading_69efc4ab0cc9c6_62687351 { \n\ttext-align:center; \n\tmargin-top:0px; \n\tmargin-bottom:50px; \n} \n\n#cmsmasters_heading_69efc4ab0cc9c6_62687351 .cmsmasters_heading { \n\ttext-align:center; \n} \n\n#cmsmasters_heading_69efc4ab0cc9c6_62687351 .cmsmasters_heading, #cmsmasters_heading_69efc4ab0cc9c6_62687351 .cmsmasters_heading a { \n\tfont-size:42px; \n\tline-height:50px; \n\tfont-weight:300; \n\tfont-style:normal; \n} \n\n#cmsmasters_heading_69efc4ab0cc9c6_62687351 .cmsmasters_heading_divider { \n} \n\n<\/style><div id=\"cmsmasters_row_69efc4ab0ba8f5_44253293\" class=\"cmsmasters_row cmsmasters_color_scheme_default cmsmasters_row_top_default cmsmasters_row_bot_default cmsmasters_row_boxed\">\n<div class=\"cmsmasters_row_outer_parent\">\n<div class=\"cmsmasters_row_outer\">\n<div class=\"cmsmasters_row_inner\">\n<div class=\"cmsmasters_row_margin\">\n<div class=\"cmsmasters_column one_first\">\n\n<div id=\"cmsmasters_heading_69efc4ab0c1a53_26097203\" class=\"cmsmasters_heading_wrap cmsmasters_heading_align_center\">\n\t<h1 class=\"cmsmasters_heading\">DASPE TRAVEL<\/h1>\n<\/div>\n<div id=\"cmsmasters_heading_69efc4ab0c2ac6_21929943\" class=\"cmsmasters_heading_wrap cmsmasters_heading_align_center\">\n\t<h1 class=\"cmsmasters_heading\">Ma\u00dfgeschneiderte Reisen f\u00fcr Sie<\/h1>\n<\/div>\n<\/div>\n<\/div>\n<\/div>\n<\/div>\n<\/div>\n<\/div>\n<div id=\"cmsmasters_row_69efc4ab0c4101_92300228\" class=\"cmsmasters_row cmsmasters_color_scheme_default cmsmasters_row_top_default cmsmasters_row_bot_default cmsmasters_row_boxed\">\n<div class=\"cmsmasters_row_outer_parent\">\n<div class=\"cmsmasters_row_outer\">\n<div class=\"cmsmasters_row_inner\">\n<div class=\"cmsmasters_row_margin\">\n<div class=\"cmsmasters_column one_first\">\n\n<div id=\"cmsmasters_heading_69efc4ab0c5cc1_23042774\" class=\"cmsmasters_heading_wrap cmsmasters_heading_align_center\">\n\t<h2 class=\"cmsmasters_heading\">Mission<\/h2>\n<\/div><div class=\"cmsmasters_text\">\n<blockquote>\n<p style=\"text-align: center;\">Um denjenigen, die ein authentisches Reiseerlebnis in Peru suchen, einen qualitativ hochwertigen und pers\u00f6nlichen Service zu bieten &#8211; von der sonnigen und sandigen K\u00fcste des Landes entlang des Pazifiks bis zu den schneebedeckten Gipfeln der Anden und dem tiefen Dschungel, der sich mit der Tierwelt verbindet, bis hin zu unseren verehrten historischen Ruinen.<\/p>\n<\/blockquote>\n<\/div>\n<\/div>\n<\/div>\n<\/div>\n<\/div>\n<\/div>\n<\/div>\n<div id=\"cmsmasters_row_69efc4ab0c63b9_36813225\" class=\"cmsmasters_row cmsmasters_color_scheme_default cmsmasters_row_top_default cmsmasters_row_bot_default cmsmasters_row_boxed\">\n<div class=\"cmsmasters_row_outer_parent\">\n<div class=\"cmsmasters_row_outer\">\n<div class=\"cmsmasters_row_inner\">\n<div class=\"cmsmasters_row_margin\">\n<div class=\"cmsmasters_column one_first\">\n\n<div id=\"cmsmasters_heading_69efc4ab0c76d6_64040581\" class=\"cmsmasters_heading_wrap cmsmasters_heading_align_center\">\n\t<h2 class=\"cmsmasters_heading\">Vision<\/h2>\n<\/div><div class=\"cmsmasters_text\">\n<blockquote>\n<p style=\"text-align: center;\">Wir bieten unseren Kunden Erfahrungen, die sie nie mehr vergessen werden. Ein wissendes L\u00e4cheln in den dunkelsten N\u00e4chten und ein ungetr\u00fcbtes Lachen, w\u00e4hrend Sie Ihre Reisegeschichten mit Freunden und Familie teilen. Es sind alles Erinnerungen an die Menschen, die Natur, die Geschichte und die Kultur Perus, von denen Sie noch lange nach Ihrer Abreise aus diesem historischen Inka-Territorium zehren werden.<\/p>\n<\/blockquote>\n<\/div>\n<\/div>\n<\/div>\n<\/div>\n<\/div>\n<\/div>\n<\/div>\n<div id=\"cmsmasters_row_69efc4ab0c7ee1_63478785\" class=\"cmsmasters_row cmsmasters_color_scheme_default cmsmasters_row_top_default cmsmasters_row_bot_default cmsmasters_row_boxed\">\n<div class=\"cmsmasters_row_outer_parent\">\n<div class=\"cmsmasters_row_outer\">\n<div class=\"cmsmasters_row_inner\">\n<div class=\"cmsmasters_row_margin\">\n<div class=\"cmsmasters_column one_first\">\n\n<div id=\"cmsmasters_heading_69efc4ab0c9178_77205530\" class=\"cmsmasters_heading_wrap cmsmasters_heading_align_center\">\n\t<h2 class=\"cmsmasters_heading\">\u00dcber die Gr\u00fcnder<\/h2>\n<\/div><div class=\"cmsmasters_text\">\n<blockquote>\n<p style=\"text-align: center;\">David und Sylwia gr\u00fcndete das Daspe Travel Unternehmen, um die Qualit\u00e4t des Tourismus in Peru zu verbessern und den Kunden ein pers\u00f6nlicheres Reiseerlebnis zu bieten. Aus Polen und Peru stammend haben beide die M\u00f6glichkeit, sowohl die peruanische als auch die s\u00fcdamerikanische Tourismus branche hautnah zu erleben und damit auch zu verstehen, was funktioniert und was fehlt, sowohl als Au\u00dfenstehender als auch aus lokaler Perspektive.<\/p>\n<blockquote>\n<p style=\"text-align: center;\">Reisende im Herzen, Tourismusprofis im Leben<\/p>\n<\/blockquote>\n<\/blockquote>\n<\/div>\n<\/div>\n<\/div>\n<\/div>\n<\/div>\n<\/div>\n<\/div>\n<div id=\"cmsmasters_row_69efc4ab0c97f1_96094949\" class=\"cmsmasters_row cmsmasters_color_scheme_default cmsmasters_row_top_default cmsmasters_row_bot_default cmsmasters_row_boxed\">\n<div class=\"cmsmasters_row_outer_parent\">\n<div class=\"cmsmasters_row_outer\">\n<div class=\"cmsmasters_row_inner\">\n<div class=\"cmsmasters_row_margin\">\n<div class=\"cmsmasters_column one_first\">\n\n<div id=\"cmsmasters_heading_69efc4ab0cac60_43425357\" class=\"cmsmasters_heading_wrap cmsmasters_heading_align_center\">\n\t<h2 class=\"cmsmasters_heading\">Warum Daspe Travel?<\/h2>\n<\/div><div class=\"cmsmasters_text\">\n<blockquote>\n<p style=\"text-align: left;\">Mit mehr als 5 Jahren Erfahrung in der Tourismusbranche hat Daspe Travel die Kompetenz, ma\u00dfgeschneiderte Touren zu kreieren und ihr gesammeltes Wissen zu kombinieren, um alles, was Peru zu bieten hat, optimal pr\u00e4sentieren zu k\u00f6nnen. In unseren Gespr\u00e4chen mit Ihnen gleichen wir Ihre Interessen, Ihre Zeit, Ihre Bed\u00fcrfnisse, die Gr\u00f6\u00dfe Ihrer Gruppe und die Art der Erfahrung, die Sie suchen miteinander ab und erstellen daraus\u00a0die perfekte Reiseroute f\u00fcr die Zeit Ihres Aufenthalts bei uns.<\/p>\n<p style=\"text-align: left;\">Sind Sie daran interessiert, wie eine einheimische Familie in Perus heiligem Tal, in den Ausl\u00e4ufern von Machu Picchu, lebt? Vielleicht ist eine Gastfamilie der Inkas das Richtige. Ausgehend von Ihren Interessen und der Abenteuerlust werden wir Sie mit einer Familie in einer l\u00e4ndlichen Umgebung zusammenbringen, die f\u00fcr mindestens eine Nacht Ihr zu Hause ist. Lokale Kenntnisse gewinnen, wenn Geschichten \u00fcber die Kulturen des anderen \u00fcber einem offenem Feuer geteilt werden und dabei helfen, den Gem\u00fcseeintopf zu kochen, der aus Zutaten besteht, die fr\u00fcher am Tag von Ihnen gesammelt werden &#8211; Mais, Zwiebeln, Karotten und Kartoffeln (von denen es mehr als 3.500 Sorten gibt!).<\/p>\n<p style=\"text-align: left;\">Sind Sie daran interessiert, die Grenzen der 3.400 Meter hohen Gegend in und um Cusco zu testen? Mountainbiken auf Feldwegen und sich dabei auf den Weg nach Machu Picchu zu begeben, ist der Traum eines jeden Abenteurers. Nach einem schwei\u00dftreibenden und aktiven Tag gibt es viele hei\u00dfe Quellen, die den peruanischen Nebelwald und das felsige Terrain ums\u00e4umen.<\/p>\n<p style=\"text-align: left;\">Es gibt so viele M\u00f6glichkeiten in Peru, besonders in der Region Cusco, mit ihren vielen Wanderwegen, historischen St\u00e4tten und kleinen St\u00e4dten. Die Auswahl an Optionen kann verwirrend und gleichzeitig demotivierend sein. Ihren letzten Pisco Sour wollen Sie nicht vor Ihrem Heimflug trinken, nur um zu erkennen, dass Sie mehr bezahlt haben als normalerweise \u00fcblich. Oder, dass man realisiert, den gleichen &#8222;Gringo-Trail&#8220; absolviert zu haben, den Tausende von anderen Touristen bereits seit Jahren durchlaufen haben.<\/p>\n<p style=\"text-align: left;\">Wenden Sie sich an einen kompetenten und erfahrenen Reiseveranstalter. Konsultieren Sie Daspe Travel, um das Beste aus Ihrer Reise herauszuholen und sicherzustellen, dass einzigartige, lokale Erfahrungen mit einem Unternehmen gemacht werden, das immer eine Extraleistung bietet.<\/p>\n<p><strong><em>\u00a0<\/em><\/strong><\/p>\n<p style=\"text-align: center;\"><em><strong>Unabh\u00e4ngig von Ihrem Ziel: Solange es Peru umfasst, arbeiten wir gerne mit Ihnen zusammen, um Ihre W\u00fcnsche m\u00f6glichst optimal zu ber\u00fccksichtigen. Der Kunde steht bei Daspe Travel stets an erster Stelle.<\/strong><\/em><\/p>\n<\/blockquote>\n<\/div>\n<\/div>\n<\/div>\n<\/div>\n<\/div>\n<\/div>\n<\/div>\n<div id=\"cmsmasters_row_69efc4ab0cb5f1_67491780\" class=\"cmsmasters_row cmsmasters_color_scheme_default cmsmasters_row_top_default cmsmasters_row_bot_default cmsmasters_row_boxed\">\n<div class=\"cmsmasters_row_outer_parent\">\n<div class=\"cmsmasters_row_outer\">\n<div class=\"cmsmasters_row_inner\">\n<div class=\"cmsmasters_row_margin\">\n<div class=\"cmsmasters_column one_first\">\n\n<div id=\"cmsmasters_heading_69efc4ab0cc9c6_62687351\" class=\"cmsmasters_heading_wrap cmsmasters_heading_align_center\">\n\t<h2 class=\"cmsmasters_heading\">Sicherheit &amp; Schutz<\/h2>\n<\/div><div class=\"cmsmasters_text\">\n<blockquote>\n<p>Daspe Travel legt Wert auf Ihre Sicherheit bei allen von uns angebotenen Touren. Wir garantieren, dass unsere Ausr\u00fcstung neu ist, alle Sicherheitsstandards erf\u00fcllt sind und die Ausr\u00fcstungen von unseren zuverl\u00e4ssigen und professionellen Mitarbeitern gewartet werden. Daspe Travel hat eine perfekte Sicherheitsbilanz, und zusammen mit der Qualit\u00e4t und dem pers\u00f6nlichen Reiseerlebnis ist Sicherheit unsere oberste Priorit\u00e4t.<\/p>\n<p style=\"text-align: center;\"><em><strong>Bei Daspe Travel sind wir davon \u00fcberzeugt, wunderbare Erinnerungen zu schaffen. Schlie\u00dflich sind es diese ganz besonderen Eindr\u00fccke, die wertvoll sind und die Sie aus Peru f\u00fcr immer mitnehmen werden. Au\u00dfer vielleicht noch die vielf\u00e4ltigen Alpakafleece-Produkte, von denen Sie bestimmt auch welche erwerben werden.<\/strong><\/em><\/p>\n<\/blockquote>\n<\/div>\n<\/div>\n<\/div>\n<\/div>\n<\/div>\n<\/div>\n<\/div>\n\n","protected":false},"excerpt":{"rendered":"","protected":false},"author":1,"featured_media":11402,"parent":0,"menu_order":0,"comment_status":"closed","ping_status":"closed","template":"","meta":{"footnotes":""},"class_list":["post-11400","page","type-page","status-publish","has-post-thumbnail","hentry"],"_links":{"self":[{"href":"https:\/\/daspetravel.com\/de\/wp-json\/wp\/v2\/pages\/11400","targetHints":{"allow":["GET"]}}],"collection":[{"href":"https:\/\/daspetravel.com\/de\/wp-json\/wp\/v2\/pages"}],"about":[{"href":"https:\/\/daspetravel.com\/de\/wp-json\/wp\/v2\/types\/page"}],"author":[{"embeddable":true,"href":"https:\/\/daspetravel.com\/de\/wp-json\/wp\/v2\/users\/1"}],"replies":[{"embeddable":true,"href":"https:\/\/daspetravel.com\/de\/wp-json\/wp\/v2\/comments?post=11400"}],"version-history":[{"count":0,"href":"https:\/\/daspetravel.com\/de\/wp-json\/wp\/v2\/pages\/11400\/revisions"}],"wp:featuredmedia":[{"embeddable":true,"href":"https:\/\/daspetravel.com\/de\/wp-json\/wp\/v2\/media\/11402"}],"wp:attachment":[{"href":"https:\/\/daspetravel.com\/de\/wp-json\/wp\/v2\/media?parent=11400"}],"curies":[{"name":"wp","href":"https:\/\/api.w.org\/{rel}","templated":true}]}}